{"id":485,"date":"2020-10-01T11:39:54","date_gmt":"2020-10-01T11:39:54","guid":{"rendered":"https:\/\/kaart.nurrunurk.ee\/?page_id=485"},"modified":"2020-10-02T17:00:41","modified_gmt":"2020-10-02T17:00:41","slug":"annetused","status":"publish","type":"page","link":"https:\/\/kaart.nurrunurk.ee\/?page_id=485","title":{"rendered":"Annetused"},"content":{"rendered":"\t\t<div data-elementor-type=\"wp-page\" data-elementor-id=\"485\" class=\"elementor elementor-485\" data-elementor-settings=\"[]\">\n\t\t\t\t\t\t<div class=\"elementor-inner\">\n\t\t\t\t\t\t\t<div class=\"elementor-section-wrap\">\n\t\t\t\t\t\t\t<section class=\"elementor-section elementor-top-section elementor-element elementor-element-f937beb elementor-section-boxed elementor-section-height-default elementor-section-height-default\" data-id=\"f937beb\" data-element_type=\"section\">\n\t\t\t\t\t\t<div class=\"elementor-container elementor-column-gap-default\">\n\t\t\t\t\t\t\t<div class=\"elementor-row\">\n\t\t\t\t\t<div class=\"elementor-column elementor-col-100 elementor-top-column elementor-element elementor-element-cbafbfb\" data-id=\"cbafbfb\" data-element_type=\"column\">\n\t\t\t<div class=\"elementor-column-wrap elementor-element-populated\">\n\t\t\t\t\t\t\t<div class=\"elementor-widget-wrap\">\n\t\t\t\t\t\t<div class=\"elementor-element elementor-element-2997b23 elementor-widget elementor-widget-image\" data-id=\"2997b23\" data-element_type=\"widget\" data-widget_type=\"image.default\">\n\t\t\t\t<div class=\"elementor-widget-container\">\n\t\t\t\t\t<div class=\"elementor-image\">\n\t\t\t\t\t\t\t\t\t\t<img loading=\"lazy\" decoding=\"async\" width=\"300\" height=\"160\" src=\"https:\/\/kaart.nurrunurk.ee\/wp-content\/uploads\/2020\/10\/05mai-016-scaled-e1601576467159-300x160.jpg\" class=\"attachment-medium size-medium\" alt=\"\" srcset=\"https:\/\/kaart.nurrunurk.ee\/wp-content\/uploads\/2020\/10\/05mai-016-scaled-e1601576467159-300x160.jpg 300w, https:\/\/kaart.nurrunurk.ee\/wp-content\/uploads\/2020\/10\/05mai-016-scaled-e1601576467159-1024x546.jpg 1024w, https:\/\/kaart.nurrunurk.ee\/wp-content\/uploads\/2020\/10\/05mai-016-scaled-e1601576467159-768x410.jpg 768w, https:\/\/kaart.nurrunurk.ee\/wp-content\/uploads\/2020\/10\/05mai-016-scaled-e1601576467159-1536x819.jpg 1536w, https:\/\/kaart.nurrunurk.ee\/wp-content\/uploads\/2020\/10\/05mai-016-scaled-e1601576467159-24x13.jpg 24w, https:\/\/kaart.nurrunurk.ee\/wp-content\/uploads\/2020\/10\/05mai-016-scaled-e1601576467159-36x19.jpg 36w, https:\/\/kaart.nurrunurk.ee\/wp-content\/uploads\/2020\/10\/05mai-016-scaled-e1601576467159-48x26.jpg 48w, https:\/\/kaart.nurrunurk.ee\/wp-content\/uploads\/2020\/10\/05mai-016-scaled-e1601576467159.jpg 1920w\" sizes=\"auto, (max-width: 300px) 100vw, 300px\" \/>\t\t\t\t\t\t\t\t\t\t\t<\/div>\n\t\t\t\t<\/div>\n\t\t\t\t<\/div>\n\t\t\t\t<div class=\"elementor-element elementor-element-0716946 elementor-widget elementor-widget-heading\" data-id=\"0716946\" data-element_type=\"widget\" data-widget_type=\"heading.default\">\n\t\t\t\t<div class=\"elementor-widget-container\">\n\t\t\t<h2 class=\"elementor-heading-title elementor-size-default\">Annetused<\/h2>\t\t<\/div>\n\t\t\t\t<\/div>\n\t\t\t\t\t\t<\/div>\n\t\t\t\t\t<\/div>\n\t\t<\/div>\n\t\t\t\t\t\t\t\t<\/div>\n\t\t\t\t\t<\/div>\n\t\t<\/section>\n\t\t\t\t<section class=\"elementor-section elementor-top-section elementor-element elementor-element-f67b826 elementor-section-boxed elementor-section-height-default elementor-section-height-default\" data-id=\"f67b826\" data-element_type=\"section\">\n\t\t\t\t\t\t<div class=\"elementor-container elementor-column-gap-default\">\n\t\t\t\t\t\t\t<div class=\"elementor-row\">\n\t\t\t\t\t<div class=\"elementor-column elementor-col-100 elementor-top-column elementor-element elementor-element-02b8ad1\" data-id=\"02b8ad1\" data-element_type=\"column\">\n\t\t\t<div class=\"elementor-column-wrap elementor-element-populated\">\n\t\t\t\t\t\t\t<div class=\"elementor-widget-wrap\">\n\t\t\t\t\t\t<div class=\"elementor-element elementor-element-efd6863 elementor-widget elementor-widget-text-editor\" data-id=\"efd6863\" data-element_type=\"widget\" data-widget_type=\"text-editor.default\">\n\t\t\t\t<div class=\"elementor-widget-container\">\n\t\t\t\t\t<div class=\"elementor-text-editor elementor-clearfix\"><h2 style=\"color: #000000; font-family: Roboto, sans-serif; font-weight: 300; font-size: 18px; text-shadow: rgba(0, 0, 0, 0.3) 0px 0px 10px;\" data-elementor-setting-key=\"title\" data-pen-placeholder=\"Type Here...\">Annetused on \u00fcks peamistest sihtasutuse tegevuse finantseerimise allikatest.&nbsp;<\/h2>\n<h2 style=\"color: #000000; font-family: Roboto, sans-serif; font-weight: 300; font-size: 18px; text-shadow: rgba(0, 0, 0, 0.3) 0px 0px 10px;\" data-elementor-setting-key=\"title\" data-pen-placeholder=\"Type Here...\">Mistahes muudest fondidest raha saamise pea kohustuslikuks eeltingimuseks on omafinantseeringu olemasolu. <p><\/p>\n<p>Annetada saab koguduse kontole ja sihtasutuse kontole. <br>&nbsp;EELK P\u00f6ide Maarja Kogudus: Swedbank EE292200001120136950. <br>Swedbank erikonto (annetused, sihtannetused ja projektid) EE232200221039772450 <br>P\u00f6ide Maarja Kiriku SA pangakontole Swedbank EE492200221054650133 <\/p>\n<p>&nbsp;K\u00f5ige r\u00f5\u00f5mustavam on meile asjaolu, et annetajatest suur osa teeb seda korduvalt, lausa igakuiselt. See n\u00e4itab, kui t\u00e4htsaks peate seda, et meie kirik j\u00e4\u00e4ks p\u00fcsima ja tegutsema. <br><br>Liis Lulla-Knape on andnud heategevuskontserte alates aastast 2007, kui ta v\u00e4lismaale \u00f5ppima siirdus. Igal suvel on Liis esinenud erinevate kavadega. Sel suvel (2018) tuleb juba 11. kord. Ja kava on v\u00e4ga klassikaline &#8211; Bach ja Telemann. <br>Suur t\u00e4nu! <br>Teeme n\u00e4htavaks annetajate nimekirja, aga j\u00e4tame avalikustamata annetatud summad, sest k\u00f5ik annetused on tulnud s\u00fcdamest. <br><br>P\u00fc\u00fcame anda l\u00fchi\u00fclevaate raha kasutamise kohta ja igal annetajal on t\u00e4ielik \u00f5igus meie k\u00e4est k\u00fcsida, mida me t\u00e4psemalt teinud oleme. <br><br>2012\/2013 aastal oli p\u00f5hiteemaks kiriku \u00fcmbruse korrastamine ning selle tarvis ostsime ka t\u00f6\u00f6vahendeid. Tasandasime mullahunnikud kiriku l\u00f5unak\u00fcljel, andsime k\u00fclastajate ja toetajate tarvis v\u00e4lja kirikut tutvustavad infovoldikud eesti, saksa, soome, inglise ja vene keeles. <br><br>2014 korrastasime PRIA projekti raames Levala k\u00fclasse viiva tee \u00e4\u00e4rse kiviaia ning hakkasime korrastama pastoraadi ja kiriku vahele j\u00e4\u00e4vat pargiosa. Juulis ja augustis 2014 t\u00f6\u00f6tasid kiriku juures Bauordeni neli noort vabatahtlikku Saksamaalt, Austriast ja Prantsusmaalt, kelle suurimaks t\u00f6\u00f6ks oli vanade katusekivide koristamine kiriku seina \u00e4\u00e4rest. T\u00e4iesti valmis sai ka kiriku katuse remont mille ehituse teostas O\u00dc R\u00e4ndmeister ning finantseeris Kultuuriministeerium. <br><br>2015 aastaks oli planeeritud kiriku avat\u00e4idete ehk uste ja akende restaureerimine. Ka siin kasutati riigieelarve raha, aga enam mitte t\u00e4ies vajalikus mahus ja annetuste t\u00e4htsus suurenes veelgi. Toetus on akende saamiseks tuli Saaremaa R\u00fc\u00fctelkonnnalt, mille tegemisi on eest vedanud parun Hannsj\u00f6rg Freytag von Loringhoven, <br><br>Kirjutage meile: poidekirik@gmail.com<br><br><\/p>\n<\/h2><\/div>\n\t\t\t\t<\/div>\n\t\t\t\t<\/div>\n\t\t\t\t\t\t<\/div>\n\t\t\t\t\t<\/div>\n\t\t<\/div>\n\t\t\t\t\t\t\t\t<\/div>\n\t\t\t\t\t<\/div>\n\t\t<\/section>\n\t\t\t\t<section class=\"elementor-section elementor-top-section elementor-element elementor-element-fd17fc1 elementor-section-boxed elementor-section-height-default elementor-section-height-default\" data-id=\"fd17fc1\" data-element_type=\"section\">\n\t\t\t\t\t\t<div class=\"elementor-container elementor-column-gap-default\">\n\t\t\t\t\t\t\t<div class=\"elementor-row\">\n\t\t\t\t\t<div class=\"elementor-column elementor-col-100 elementor-top-column elementor-element elementor-element-03f889f\" data-id=\"03f889f\" data-element_type=\"column\">\n\t\t\t<div class=\"elementor-column-wrap elementor-element-populated\">\n\t\t\t\t\t\t\t<div class=\"elementor-widget-wrap\">\n\t\t\t\t\t\t<div class=\"elementor-element elementor-element-3c113f8 elementor-widget elementor-widget-heading\" data-id=\"3c113f8\" data-element_type=\"widget\" data-widget_type=\"heading.default\">\n\t\t\t\t<div class=\"elementor-widget-container\">\n\t\t\t<h2 class=\"elementor-heading-title elementor-size-default\">T\u00e4name k\u00f5iki annetajaid<\/h2>\t\t<\/div>\n\t\t\t\t<\/div>\n\t\t\t\t\t\t<\/div>\n\t\t\t\t\t<\/div>\n\t\t<\/div>\n\t\t\t\t\t\t\t\t<\/div>\n\t\t\t\t\t<\/div>\n\t\t<\/section>\n\t\t\t\t<section class=\"elementor-section elementor-top-section elementor-element elementor-element-f362b79 elementor-section-boxed elementor-section-height-default elementor-section-height-default\" data-id=\"f362b79\" data-element_type=\"section\">\n\t\t\t\t\t\t<div class=\"elementor-container elementor-column-gap-default\">\n\t\t\t\t\t\t\t<div class=\"elementor-row\">\n\t\t\t\t\t<div class=\"elementor-column elementor-col-100 elementor-top-column elementor-element elementor-element-c56df41\" data-id=\"c56df41\" data-element_type=\"column\">\n\t\t\t<div class=\"elementor-column-wrap elementor-element-populated\">\n\t\t\t\t\t\t\t<div class=\"elementor-widget-wrap\">\n\t\t\t\t\t\t<div class=\"elementor-element elementor-element-ff558a0 elementor-widget elementor-widget-heading\" data-id=\"ff558a0\" data-element_type=\"widget\" data-widget_type=\"heading.default\">\n\t\t\t\t<div class=\"elementor-widget-container\">\n\t\t\t<h2 class=\"elementor-heading-title elementor-size-default\">T\u00e4name k\u00f5iki annetajaid:<\/h2>\t\t<\/div>\n\t\t\t\t<\/div>\n\t\t\t\t\t\t<\/div>\n\t\t\t\t\t<\/div>\n\t\t<\/div>\n\t\t\t\t\t\t\t\t<\/div>\n\t\t\t\t\t<\/div>\n\t\t<\/section>\n\t\t\t\t<section class=\"elementor-section elementor-top-section elementor-element elementor-element-99810d5 elementor-section-boxed elementor-section-height-default elementor-section-height-default\" data-id=\"99810d5\" data-element_type=\"section\">\n\t\t\t\t\t\t<div class=\"elementor-container elementor-column-gap-default\">\n\t\t\t\t\t\t\t<div class=\"elementor-row\">\n\t\t\t\t\t<div class=\"elementor-column elementor-col-100 elementor-top-column elementor-element elementor-element-557ebe1\" data-id=\"557ebe1\" data-element_type=\"column\">\n\t\t\t<div class=\"elementor-column-wrap elementor-element-populated\">\n\t\t\t\t\t\t\t<div class=\"elementor-widget-wrap\">\n\t\t\t\t\t\t<div class=\"elementor-element elementor-element-1944b7a elementor-widget elementor-widget-text-editor\" data-id=\"1944b7a\" data-element_type=\"widget\" data-widget_type=\"text-editor.default\">\n\t\t\t\t<div class=\"elementor-widget-container\">\n\t\t\t\t\t<div class=\"elementor-text-editor elementor-clearfix\"><p>2018:<br \/>Reet ja Liis Lulla, Tiiu Aro, Enn Eesmaa, Karl Jaago, Hanno Kirschfeldt, \u00dclle Kruus, Enn Meri, Andres Pitk, Kati Raudla, Andla R\u00fc\u00fctel, Kreet Stubender-L\u00f5ugas, Anne Untera, Villu \u00d5un.<br \/>2017:<br \/>Reet ja Liis Lulla, Kreet-Stubender-L\u00f5ugas, Andla R\u00fc\u00fctel, \u00dclle Kruus, Andres Pitk, Karl Jaago, Viljar Saarkoppel, Anne Polli , Marje Aavik, Villu \u00d5un ja Triin Ella.<br \/>2016:<br \/>Reet ja Liis Lulla, Triin ja Andrus Alas.<br \/>2015:<br \/>Reet ja Liis Lulla, Andres Pitk, Gert Saarse, Andla R\u00fc\u00fctel, Reigo Reppo, Kreet Studenberg-L\u00f5ugas, Lauri Tamm.<br \/>2014:<br \/>Reet ja Liis Lulla, Andla R\u00fc\u00fctel, Toomas Rihvk, Andres Pitk, Gert Saarse, Reigo Reppo, Heiki Urbala, Lauri Tamm, Piret Tarto, Enn Tarto, Kreet Studenberg-L\u00f5ugas, parun G\u00fcnther von Maydell, \u00dclle Kruus, Mihkel Trull, Kairi Trull.<br \/>2013:<br \/>Reet ja Liis Lulla, Andla R\u00fc\u00fctel, Aldur J\u00e4rvalt, parun dr. Nicolas von Behr, printsess Felicitas zu Wied, Anne Polli, Marge Toome, Linda Lamothe, Gerry Lamothe, Hannes Lamothe, V\u00e4ino Ratassepa pere, Tuuli Rasso, Senta Erdmann, Henno Erdmann, Anu Saar, Epp Klooster, Katrin Polli, Evi Klooster, Reena Raudne-Klooster, Jaanus Hellat, Kaja Viilukas, Kristi Abram, Toomas Vaik, Andres Pitk.<br \/>2012:<br \/>Reet ja Liis Lulla, Vello Salo, Helju Piipuu, Enn Meri, Merle Mandre, Ago Soots, Ken Kalling, Epp Alatalu, Andla R\u00fc\u00fctel.<\/p><\/div>\n\t\t\t\t<\/div>\n\t\t\t\t<\/div>\n\t\t\t\t\t\t<\/div>\n\t\t\t\t\t<\/div>\n\t\t<\/div>\n\t\t\t\t\t\t\t\t<\/div>\n\t\t\t\t\t<\/div>\n\t\t<\/section>\n\t\t\t\t\t\t<\/div>\n\t\t\t\t\t\t<\/div>\n\t\t\t\t\t<\/div>\n\t\t","protected":false},"excerpt":{"rendered":"<p>Annetused Annetused on \u00fcks peamistest sihtasutuse tegevuse finantseerimise allikatest.&nbsp; Mistahes muudest fondidest raha saamise pea kohustuslikuks eeltingimuseks on omafinantseeringu olemasolu. Annetada saab koguduse kontole ja sihtasutuse kontole. &nbsp;EELK P\u00f6ide Maarja Kogudus: Swedbank EE292200001120136950. Swedbank erikonto (annetused, sihtannetused ja projektid) EE232200221039772450 P\u00f6ide Maarja Kiriku SA pangakontole Swedbank EE492200221054650133 &nbsp;K\u00f5ige r\u00f5\u00f5mustavam on meile asjaolu, et annetajatest suur&hellip;<\/p>\n","protected":false},"author":1,"featured_media":0,"parent":0,"menu_order":0,"comment_status":"closed","ping_status":"closed","template":"","meta":{"footnotes":""},"class_list":["post-485","page","type-page","status-publish","hentry","post"],"_links":{"self":[{"href":"https:\/\/kaart.nurrunurk.ee\/index.php?rest_route=\/wp\/v2\/pages\/485","targetHints":{"allow":["GET"]}}],"collection":[{"href":"https:\/\/kaart.nurrunurk.ee\/index.php?rest_route=\/wp\/v2\/pages"}],"about":[{"href":"https:\/\/kaart.nurrunurk.ee\/index.php?rest_route=\/wp\/v2\/types\/page"}],"author":[{"embeddable":true,"href":"https:\/\/kaart.nurrunurk.ee\/index.php?rest_route=\/wp\/v2\/users\/1"}],"replies":[{"embeddable":true,"href":"https:\/\/kaart.nurrunurk.ee\/index.php?rest_route=%2Fwp%2Fv2%2Fcomments&post=485"}],"version-history":[{"count":21,"href":"https:\/\/kaart.nurrunurk.ee\/index.php?rest_route=\/wp\/v2\/pages\/485\/revisions"}],"predecessor-version":[{"id":765,"href":"https:\/\/kaart.nurrunurk.ee\/index.php?rest_route=\/wp\/v2\/pages\/485\/revisions\/765"}],"wp:attachment":[{"href":"https:\/\/kaart.nurrunurk.ee\/index.php?rest_route=%2Fwp%2Fv2%2Fmedia&parent=485"}],"curies":[{"name":"wp","href":"https:\/\/api.w.org\/{rel}","templated":true}]}}