{"id":530,"date":"2020-10-01T14:22:36","date_gmt":"2020-10-01T14:22:36","guid":{"rendered":"https:\/\/kaart.nurrunurk.ee\/?page_id=530"},"modified":"2020-10-03T04:09:33","modified_gmt":"2020-10-03T04:09:33","slug":"annetused-2","status":"publish","type":"page","link":"https:\/\/kaart.nurrunurk.ee\/?page_id=530","title":{"rendered":"Taust"},"content":{"rendered":"\t\t<div data-elementor-type=\"wp-page\" data-elementor-id=\"530\" class=\"elementor elementor-530\" data-elementor-settings=\"[]\">\n\t\t\t\t\t\t<div class=\"elementor-inner\">\n\t\t\t\t\t\t\t<div class=\"elementor-section-wrap\">\n\t\t\t\t\t\t\t<section class=\"elementor-section elementor-top-section elementor-element elementor-element-94e0556 elementor-section-boxed elementor-section-height-default elementor-section-height-default\" data-id=\"94e0556\" data-element_type=\"section\">\n\t\t\t\t\t\t<div class=\"elementor-container elementor-column-gap-default\">\n\t\t\t\t\t\t\t<div class=\"elementor-row\">\n\t\t\t\t\t<div class=\"elementor-column elementor-col-33 elementor-top-column elementor-element elementor-element-fc0773b\" data-id=\"fc0773b\" data-element_type=\"column\">\n\t\t\t<div class=\"elementor-column-wrap\">\n\t\t\t\t\t\t\t<div class=\"elementor-widget-wrap\">\n\t\t\t\t\t\t\t\t<\/div>\n\t\t\t\t\t<\/div>\n\t\t<\/div>\n\t\t\t\t<div class=\"elementor-column elementor-col-33 elementor-top-column elementor-element elementor-element-e8869ae\" data-id=\"e8869ae\" data-element_type=\"column\">\n\t\t\t<div class=\"elementor-column-wrap elementor-element-populated\">\n\t\t\t\t\t\t\t<div class=\"elementor-widget-wrap\">\n\t\t\t\t\t\t<div class=\"elementor-element elementor-element-b914da6 elementor-widget elementor-widget-image\" data-id=\"b914da6\" data-element_type=\"widget\" data-widget_type=\"image.default\">\n\t\t\t\t<div class=\"elementor-widget-container\">\n\t\t\t\t\t<div class=\"elementor-image\">\n\t\t\t\t\t\t\t\t\t\t<img loading=\"lazy\" decoding=\"async\" width=\"1018\" height=\"806\" src=\"https:\/\/kaart.nurrunurk.ee\/wp-content\/uploads\/2020\/10\/k5.png\" class=\"attachment-large size-large\" alt=\"\" srcset=\"https:\/\/kaart.nurrunurk.ee\/wp-content\/uploads\/2020\/10\/k5.png 1018w, https:\/\/kaart.nurrunurk.ee\/wp-content\/uploads\/2020\/10\/k5-300x238.png 300w, https:\/\/kaart.nurrunurk.ee\/wp-content\/uploads\/2020\/10\/k5-768x608.png 768w, https:\/\/kaart.nurrunurk.ee\/wp-content\/uploads\/2020\/10\/k5-24x19.png 24w, https:\/\/kaart.nurrunurk.ee\/wp-content\/uploads\/2020\/10\/k5-36x29.png 36w, https:\/\/kaart.nurrunurk.ee\/wp-content\/uploads\/2020\/10\/k5-48x38.png 48w\" sizes=\"auto, (max-width: 1018px) 100vw, 1018px\" \/>\t\t\t\t\t\t\t\t\t\t\t<\/div>\n\t\t\t\t<\/div>\n\t\t\t\t<\/div>\n\t\t\t\t\t\t<\/div>\n\t\t\t\t\t<\/div>\n\t\t<\/div>\n\t\t\t\t<div class=\"elementor-column elementor-col-33 elementor-top-column elementor-element elementor-element-6010401\" data-id=\"6010401\" data-element_type=\"column\">\n\t\t\t<div class=\"elementor-column-wrap\">\n\t\t\t\t\t\t\t<div class=\"elementor-widget-wrap\">\n\t\t\t\t\t\t\t\t<\/div>\n\t\t\t\t\t<\/div>\n\t\t<\/div>\n\t\t\t\t\t\t\t\t<\/div>\n\t\t\t\t\t<\/div>\n\t\t<\/section>\n\t\t\t\t<section class=\"elementor-section elementor-top-section elementor-element elementor-element-fa8631f elementor-section-boxed elementor-section-height-default elementor-section-height-default\" data-id=\"fa8631f\" data-element_type=\"section\">\n\t\t\t\t\t\t<div class=\"elementor-container elementor-column-gap-default\">\n\t\t\t\t\t\t\t<div class=\"elementor-row\">\n\t\t\t\t\t<div class=\"elementor-column elementor-col-100 elementor-top-column elementor-element elementor-element-3ad8b6d\" data-id=\"3ad8b6d\" data-element_type=\"column\">\n\t\t\t<div class=\"elementor-column-wrap elementor-element-populated\">\n\t\t\t\t\t\t\t<div class=\"elementor-widget-wrap\">\n\t\t\t\t\t\t<div class=\"elementor-element elementor-element-c2d2c40 elementor-widget elementor-widget-heading\" data-id=\"c2d2c40\" data-element_type=\"widget\" data-widget_type=\"heading.default\">\n\t\t\t\t<div class=\"elementor-widget-container\">\n\t\t\t<h2 class=\"elementor-heading-title elementor-size-default\">Taust<\/h2>\t\t<\/div>\n\t\t\t\t<\/div>\n\t\t\t\t\t\t<\/div>\n\t\t\t\t\t<\/div>\n\t\t<\/div>\n\t\t\t\t\t\t\t\t<\/div>\n\t\t\t\t\t<\/div>\n\t\t<\/section>\n\t\t\t\t<section class=\"elementor-section elementor-top-section elementor-element elementor-element-f67b826 elementor-section-boxed elementor-section-height-default elementor-section-height-default\" data-id=\"f67b826\" data-element_type=\"section\">\n\t\t\t\t\t\t<div class=\"elementor-container elementor-column-gap-default\">\n\t\t\t\t\t\t\t<div class=\"elementor-row\">\n\t\t\t\t\t<div class=\"elementor-column elementor-col-100 elementor-top-column elementor-element elementor-element-02b8ad1\" data-id=\"02b8ad1\" data-element_type=\"column\">\n\t\t\t<div class=\"elementor-column-wrap elementor-element-populated\">\n\t\t\t\t\t\t\t<div class=\"elementor-widget-wrap\">\n\t\t\t\t\t\t<div class=\"elementor-element elementor-element-efd6863 elementor-widget elementor-widget-text-editor\" data-id=\"efd6863\" data-element_type=\"widget\" data-widget_type=\"text-editor.default\">\n\t\t\t\t<div class=\"elementor-widget-container\">\n\t\t\t\t\t<div class=\"elementor-text-editor elementor-clearfix\"><p>Meil puudub p\u00e4devus kirjutada teaduslikku \u00fclevaadet kiriku ajaloost, seep\u00e4rast loodame internetis leiduvatele allikatele, millest huvitatule ajalugu k\u00fcbehaaval v\u00e4lja koorub.<\/p><p>Allj\u00e4rgnevad fragmendid ajaloos\u00fcndmustest iseloomustavad natukene neid kibedaid inimsuhteid, mida kirik on pidanud n\u00e4gema. Loodetavasti oleme nendest \u00f5ppust v\u00f5tnud ja edaspidi l\u00e4heb meil paremini.<br \/>Otsingud m\u00e4rks\u00f5nale &#8220;P\u00f6ide Maarja Kirik&#8221; annab tuhandeid tulemusi. <br \/>Esitame siinkohal viited kolmele.<br \/>Muinsuskaitseamet, Wikipedia ja Wikiwand<\/p><p>Kirikut ehitasid inimesed ja m\u00f5ned neist said t\u00e4nut\u00e4heks kujutatud ka kiriku seinal. Need raidkujud on esimesed teadaolevad, mis kujutavad saarlasi. Ilmselt keegi selle rahva t\u00e4htsatest. Viimane s\u00f5da muutis nendegi n\u00e4gu. \u00dclaltoodud viide Histrodamuse kodulehele annab aimu, missugused nad v\u00e4lja n\u00e4gid.<\/p><p>P\u00f6ide kiriku torn oli nii k\u00f5rge, et oli n\u00e4ha ka Virtsus. 6. augustil 1940 l\u00f5i v\u00e4lk torni ja see p\u00f5les maha ning tegi palju kahju ka katusele. <br \/>Pealtn\u00e4gija Albert Aava s\u00f5nul t\u00f5usnud peale v\u00e4lgutabamust tornikiivrist peenikese rahulik suitsusammas, mis veerand tunni p\u00e4rast lahtiseks leegiks lahvatanud. \u00d5igupoolest hakkas sellest ajast kirikul k\u00f5ik halvasti minema. Paljud teavad, et juhtumisi oli see p\u00e4ev, mil Eesti NSV astus NL rahvaste vennalikku perre seltsimees Stalini juhtimise alla. Kiriku pilt on laenatud endise P\u00f6ide valla kodulehelt.<\/p><p><strong>L\u00fchike \u00fclevaade kirikust:<\/strong><br \/><a href=\"https:\/\/www.youtube.com\/watch?v=RYrMCaiG62A&amp;t=8s\">https:\/\/www.youtube.com\/watch?v=RYrMCaiG62A&amp;t=8s<\/a><br \/>Kiriku p\u00f5hjak\u00fcljel on j\u00e4ljed ordulossist, mille saarlased 1343. aastal J\u00fcri\u00f6\u00f6 \u00fclest\u00f5usu k\u00e4igus maha lammutasid. P\u00f6ide ordulinnuse ja algkiriku 1891. aastal publitseeritud p\u00f5hiplaani autoriks on Jean Baptiste Holzmayer.<br \/><br \/>&#8220;Liivimaa noorema riimkroonika&#8221; kohaselt piirasid saarlased P\u00f6ide linnust kaheksa p\u00e4eva, sest nad teadsid h\u00e4sti, et linnuses olijatele kusagilt abiv\u00e4ge tulla ei saanud. P\u00f6ide foogt Arnold m\u00f5istis, et linnust ei ole v\u00f5imalik kaitsta ning alistus, sest \u00fclest\u00f5usnud lubanud neil lossist vabalt lahkuda. Ometi ei pidanud \u00fclest\u00f5usnud s\u00f5na ning l\u00f5id maha k\u00f5ik linnusest v\u00e4lja tulnud ordur\u00fc\u00fctlid ja teised sinna pakku l\u00e4inud sakslased. Rahvasuu r\u00e4\u00e4gib, et saarlaste juhid \u00f6elnud, et m\u00f5\u00f5ga l\u00e4bi ei pea keegi enam surema. Selles m\u00f5ttes peetud s\u00f5na ja sakslased tapetud kividega.<\/p><\/div>\n\t\t\t\t<\/div>\n\t\t\t\t<\/div>\n\t\t\t\t\t\t<\/div>\n\t\t\t\t\t<\/div>\n\t\t<\/div>\n\t\t\t\t\t\t\t\t<\/div>\n\t\t\t\t\t<\/div>\n\t\t<\/section>\n\t\t\t\t\t\t<\/div>\n\t\t\t\t\t\t<\/div>\n\t\t\t\t\t<\/div>\n\t\t","protected":false},"excerpt":{"rendered":"<p>Taust Meil puudub p\u00e4devus kirjutada teaduslikku \u00fclevaadet kiriku ajaloost, seep\u00e4rast loodame internetis leiduvatele allikatele, millest huvitatule ajalugu k\u00fcbehaaval v\u00e4lja koorub. Allj\u00e4rgnevad fragmendid ajaloos\u00fcndmustest iseloomustavad natukene neid kibedaid inimsuhteid, mida kirik on pidanud n\u00e4gema. Loodetavasti oleme nendest \u00f5ppust v\u00f5tnud ja edaspidi l\u00e4heb meil paremini.Otsingud m\u00e4rks\u00f5nale &#8220;P\u00f6ide Maarja Kirik&#8221; annab tuhandeid tulemusi. Esitame siinkohal viited kolmele.Muinsuskaitseamet, Wikipedia&hellip;<\/p>\n","protected":false},"author":1,"featured_media":0,"parent":0,"menu_order":0,"comment_status":"closed","ping_status":"closed","template":"","meta":{"footnotes":""},"class_list":["post-530","page","type-page","status-publish","hentry","post"],"_links":{"self":[{"href":"https:\/\/kaart.nurrunurk.ee\/index.php?rest_route=\/wp\/v2\/pages\/530","targetHints":{"allow":["GET"]}}],"collection":[{"href":"https:\/\/kaart.nurrunurk.ee\/index.php?rest_route=\/wp\/v2\/pages"}],"about":[{"href":"https:\/\/kaart.nurrunurk.ee\/index.php?rest_route=\/wp\/v2\/types\/page"}],"author":[{"embeddable":true,"href":"https:\/\/kaart.nurrunurk.ee\/index.php?rest_route=\/wp\/v2\/users\/1"}],"replies":[{"embeddable":true,"href":"https:\/\/kaart.nurrunurk.ee\/index.php?rest_route=%2Fwp%2Fv2%2Fcomments&post=530"}],"version-history":[{"count":31,"href":"https:\/\/kaart.nurrunurk.ee\/index.php?rest_route=\/wp\/v2\/pages\/530\/revisions"}],"predecessor-version":[{"id":806,"href":"https:\/\/kaart.nurrunurk.ee\/index.php?rest_route=\/wp\/v2\/pages\/530\/revisions\/806"}],"wp:attachment":[{"href":"https:\/\/kaart.nurrunurk.ee\/index.php?rest_route=%2Fwp%2Fv2%2Fmedia&parent=530"}],"curies":[{"name":"wp","href":"https:\/\/api.w.org\/{rel}","templated":true}]}}