{"id":538,"date":"2020-10-01T14:25:29","date_gmt":"2020-10-01T14:25:29","guid":{"rendered":"https:\/\/kaart.nurrunurk.ee\/?page_id=538"},"modified":"2020-10-03T03:58:03","modified_gmt":"2020-10-03T03:58:03","slug":"kogudus","status":"publish","type":"page","link":"https:\/\/kaart.nurrunurk.ee\/?page_id=538","title":{"rendered":"Kogudus"},"content":{"rendered":"\t\t<div data-elementor-type=\"wp-page\" data-elementor-id=\"538\" class=\"elementor elementor-538\" data-elementor-settings=\"[]\">\n\t\t\t\t\t\t<div class=\"elementor-inner\">\n\t\t\t\t\t\t\t<div class=\"elementor-section-wrap\">\n\t\t\t\t\t\t\t<section class=\"elementor-section elementor-top-section elementor-element elementor-element-f937beb elementor-section-boxed elementor-section-height-default elementor-section-height-default\" data-id=\"f937beb\" data-element_type=\"section\">\n\t\t\t\t\t\t<div class=\"elementor-container elementor-column-gap-default\">\n\t\t\t\t\t\t\t<div class=\"elementor-row\">\n\t\t\t\t\t<div class=\"elementor-column elementor-col-100 elementor-top-column elementor-element elementor-element-cbafbfb\" data-id=\"cbafbfb\" data-element_type=\"column\">\n\t\t\t<div class=\"elementor-column-wrap elementor-element-populated\">\n\t\t\t\t\t\t\t<div class=\"elementor-widget-wrap\">\n\t\t\t\t\t\t<div class=\"elementor-element elementor-element-2997b23 elementor-widget elementor-widget-image\" data-id=\"2997b23\" data-element_type=\"widget\" data-widget_type=\"image.default\">\n\t\t\t\t<div class=\"elementor-widget-container\">\n\t\t\t\t\t<div class=\"elementor-image\">\n\t\t\t\t\t\t\t\t\t\t<img loading=\"lazy\" decoding=\"async\" width=\"300\" height=\"160\" src=\"https:\/\/kaart.nurrunurk.ee\/wp-content\/uploads\/2020\/10\/05mai-016-scaled-e1601576467159-300x160.jpg\" class=\"attachment-medium size-medium\" alt=\"\" srcset=\"https:\/\/kaart.nurrunurk.ee\/wp-content\/uploads\/2020\/10\/05mai-016-scaled-e1601576467159-300x160.jpg 300w, https:\/\/kaart.nurrunurk.ee\/wp-content\/uploads\/2020\/10\/05mai-016-scaled-e1601576467159-1024x546.jpg 1024w, https:\/\/kaart.nurrunurk.ee\/wp-content\/uploads\/2020\/10\/05mai-016-scaled-e1601576467159-768x410.jpg 768w, https:\/\/kaart.nurrunurk.ee\/wp-content\/uploads\/2020\/10\/05mai-016-scaled-e1601576467159-1536x819.jpg 1536w, https:\/\/kaart.nurrunurk.ee\/wp-content\/uploads\/2020\/10\/05mai-016-scaled-e1601576467159-24x13.jpg 24w, https:\/\/kaart.nurrunurk.ee\/wp-content\/uploads\/2020\/10\/05mai-016-scaled-e1601576467159-36x19.jpg 36w, https:\/\/kaart.nurrunurk.ee\/wp-content\/uploads\/2020\/10\/05mai-016-scaled-e1601576467159-48x26.jpg 48w, https:\/\/kaart.nurrunurk.ee\/wp-content\/uploads\/2020\/10\/05mai-016-scaled-e1601576467159.jpg 1920w\" sizes=\"auto, (max-width: 300px) 100vw, 300px\" \/>\t\t\t\t\t\t\t\t\t\t\t<\/div>\n\t\t\t\t<\/div>\n\t\t\t\t<\/div>\n\t\t\t\t<div class=\"elementor-element elementor-element-0716946 elementor-widget elementor-widget-heading\" data-id=\"0716946\" data-element_type=\"widget\" data-widget_type=\"heading.default\">\n\t\t\t\t<div class=\"elementor-widget-container\">\n\t\t\t<h2 class=\"elementor-heading-title elementor-size-default\">Kogudus<\/h2>\t\t<\/div>\n\t\t\t\t<\/div>\n\t\t\t\t\t\t<\/div>\n\t\t\t\t\t<\/div>\n\t\t<\/div>\n\t\t\t\t\t\t\t\t<\/div>\n\t\t\t\t\t<\/div>\n\t\t<\/section>\n\t\t\t\t<section class=\"elementor-section elementor-top-section elementor-element elementor-element-f67b826 elementor-section-boxed elementor-section-height-default elementor-section-height-default\" data-id=\"f67b826\" data-element_type=\"section\">\n\t\t\t\t\t\t<div class=\"elementor-container elementor-column-gap-default\">\n\t\t\t\t\t\t\t<div class=\"elementor-row\">\n\t\t\t\t\t<div class=\"elementor-column elementor-col-100 elementor-top-column elementor-element elementor-element-02b8ad1\" data-id=\"02b8ad1\" data-element_type=\"column\">\n\t\t\t<div class=\"elementor-column-wrap elementor-element-populated\">\n\t\t\t\t\t\t\t<div class=\"elementor-widget-wrap\">\n\t\t\t\t\t\t<div class=\"elementor-element elementor-element-efd6863 elementor-widget elementor-widget-text-editor\" data-id=\"efd6863\" data-element_type=\"widget\" data-widget_type=\"text-editor.default\">\n\t\t\t\t<div class=\"elementor-widget-container\">\n\t\t\t\t\t<div class=\"elementor-text-editor elementor-clearfix\"><p>P\u00f6ide Maarja kiriku juures on kogudus tegutsenud alates 13. sajandist.<\/p><p>Vahe tekkis 1948. aastal, mil koguduse tegevus N\u00f5ukogude okupatsiooniv\u00f5imude poolt katkestati ning taastus eelmise sajandi \u00fcheksak\u00fcmnendate alguses.<\/p><p>Kogudus on v\u00e4ike, kuid aktiivne, kaasal\u00f6\u00f6jaid on paark\u00fcmmend liiget.<\/p><p>Koguduse \u00f5petaja on Veiko Vihuri ning koguduse vanem Argo P\u00fcssim. Koguduse argip\u00e4evaelu kajastab facebook.<\/p><p>Jumalateenistused toimuvad kaks korda kuus: p\u00fchap\u00e4eviti algusega kell 13.30. Talvel kirikus teenistusi tavaliselt ei korraldata, nende l\u00e4biviimiseks kasutatakse pastoraadihoone ruume.<\/p><p><strong>Koguduse kontaktid:<\/strong><\/p><p>e-kiri: poidekirik@gmail.com<br \/>Telefon: +372 51 947 844<br \/>Postiaadress: 94520, P\u00f6ide k\u00fcla, Saaremaa vald.<br \/>\u00c4riregistri kood: 80210941<\/p><p><em>Kiriku taastamise toetuseks saab annetusi teha allj\u00e4rgnevatele kontodele:<\/em><\/p><p>EELK P\u00f6ide Maarja Kogudus<br \/>Swedbank EE292200001120136950<br \/>Swedbank erikonto (annetused, sihtannetused ja projektid)<br \/>EE232200221039772450<br \/>P\u00f6ide Maarja Kiriku SA<br \/>Swedbank EE492200221054650133<\/p><\/div>\n\t\t\t\t<\/div>\n\t\t\t\t<\/div>\n\t\t\t\t\t\t<\/div>\n\t\t\t\t\t<\/div>\n\t\t<\/div>\n\t\t\t\t\t\t\t\t<\/div>\n\t\t\t\t\t<\/div>\n\t\t<\/section>\n\t\t\t\t<section class=\"elementor-section elementor-top-section elementor-element elementor-element-e1b560e elementor-section-boxed elementor-section-height-default elementor-section-height-default\" data-id=\"e1b560e\" data-element_type=\"section\">\n\t\t\t\t\t\t<div class=\"elementor-container elementor-column-gap-default\">\n\t\t\t\t\t\t\t<div class=\"elementor-row\">\n\t\t\t\t\t<div class=\"elementor-column elementor-col-100 elementor-top-column elementor-element elementor-element-c16fda0\" data-id=\"c16fda0\" data-element_type=\"column\">\n\t\t\t<div class=\"elementor-column-wrap elementor-element-populated\">\n\t\t\t\t\t\t\t<div class=\"elementor-widget-wrap\">\n\t\t\t\t\t\t<div class=\"elementor-element elementor-element-81b1054 elementor-widget elementor-widget-text-editor\" data-id=\"81b1054\" data-element_type=\"widget\" data-widget_type=\"text-editor.default\">\n\t\t\t\t<div class=\"elementor-widget-container\">\n\t\t\t\t\t<div class=\"elementor-text-editor elementor-clearfix\"><h3>Projekt Orel P\u00f6ide kirikusse<\/h3><p>P\u00f6ide Maarja kirik on olnud ilma orelita juba kolmveerand sajandit. 1940. aastatel sai kirik kannatada nii tule kui inimk\u00e4e l\u00e4bi \u2013 h\u00e4vis kogu sisustus, sealhulgas vana orel. 2019. aasta s\u00fcgisel j\u00f5udis P\u00f6ide koguduseni info, et Soome Janakkala kogudus kavatseb loobuda Tervakoski kirikus asuvast t\u00f6\u00f6korras orelist (valminud 1940. aastatel) ja pakub seda tasuta. Otsustasime pakkumise vastu v\u00f5tta. Ent samal kujul seda P\u00f6ide kirikusse \u00fcles panna ei saa \u2013 orel tuleb p\u00f5hjalikult \u00fcmber ehitada mis l\u00e4heb maksma kuni 25 860 eurot.<\/p><p>\u201eT\u00e4naseks on restaureeritud kiriku kooriruum ehk altariruum, p\u00fchakoda on saanud uue katuse ning korralikud uksed-aknad,\u201d r\u00e4\u00e4kis Vihuri, kelle s\u00f5nul k\u00e4ivad tornialuses v\u00f5lvikus restaureerimist\u00f6\u00f6d. Paralleelselt tegeletakse kiriku sisustusega. Paari aasta eest restaureeriti vana ristimiskivi ning m\u00f6\u00f6dunud aastal kingiti kirikule v\u00e4ike kell. \u201eHangitud on uusi toole, sest eriti j\u00f5ulu\u00f5htul ja ka kirikukontsertide ajal on vaja rohkem rahvast istuma panna,\u201d t\u00e4hendas Vihuri.<\/p><hr \/><p>Vajame kuni 25 860 \u20ac, et Soome Tervakoski kiriku orel leiaks uue kodu P\u00f6ide kirikus.<\/p><p><em>Iga annetus on teretulnud! <\/em><\/p><p>EELK P\u00f6ide Maarja kogudus EE232200221039772450 <br \/>SWIFT\/BIC kood HABAEE2X, <br \/>Swedbank AS, Liivalaia 8, 15040 Tallinn<br \/>Selgitus: Orel\/Organ<\/p><hr \/><hr \/><\/div>\n\t\t\t\t<\/div>\n\t\t\t\t<\/div>\n\t\t\t\t\t\t<\/div>\n\t\t\t\t\t<\/div>\n\t\t<\/div>\n\t\t\t\t\t\t\t\t<\/div>\n\t\t\t\t\t<\/div>\n\t\t<\/section>\n\t\t\t\t\t\t<\/div>\n\t\t\t\t\t\t<\/div>\n\t\t\t\t\t<\/div>\n\t\t","protected":false},"excerpt":{"rendered":"<p>Kogudus P\u00f6ide Maarja kiriku juures on kogudus tegutsenud alates 13. sajandist. Vahe tekkis 1948. aastal, mil koguduse tegevus N\u00f5ukogude okupatsiooniv\u00f5imude poolt katkestati ning taastus eelmise sajandi \u00fcheksak\u00fcmnendate alguses. Kogudus on v\u00e4ike, kuid aktiivne, kaasal\u00f6\u00f6jaid on paark\u00fcmmend liiget. Koguduse \u00f5petaja on Veiko Vihuri ning koguduse vanem Argo P\u00fcssim. Koguduse argip\u00e4evaelu kajastab facebook. Jumalateenistused toimuvad kaks korda&hellip;<\/p>\n","protected":false},"author":1,"featured_media":0,"parent":0,"menu_order":0,"comment_status":"closed","ping_status":"closed","template":"","meta":{"footnotes":""},"class_list":["post-538","page","type-page","status-publish","hentry","post"],"_links":{"self":[{"href":"https:\/\/kaart.nurrunurk.ee\/index.php?rest_route=\/wp\/v2\/pages\/538","targetHints":{"allow":["GET"]}}],"collection":[{"href":"https:\/\/kaart.nurrunurk.ee\/index.php?rest_route=\/wp\/v2\/pages"}],"about":[{"href":"https:\/\/kaart.nurrunurk.ee\/index.php?rest_route=\/wp\/v2\/types\/page"}],"author":[{"embeddable":true,"href":"https:\/\/kaart.nurrunurk.ee\/index.php?rest_route=\/wp\/v2\/users\/1"}],"replies":[{"embeddable":true,"href":"https:\/\/kaart.nurrunurk.ee\/index.php?rest_route=%2Fwp%2Fv2%2Fcomments&post=538"}],"version-history":[{"count":14,"href":"https:\/\/kaart.nurrunurk.ee\/index.php?rest_route=\/wp\/v2\/pages\/538\/revisions"}],"predecessor-version":[{"id":799,"href":"https:\/\/kaart.nurrunurk.ee\/index.php?rest_route=\/wp\/v2\/pages\/538\/revisions\/799"}],"wp:attachment":[{"href":"https:\/\/kaart.nurrunurk.ee\/index.php?rest_route=%2Fwp%2Fv2%2Fmedia&parent=538"}],"curies":[{"name":"wp","href":"https:\/\/api.w.org\/{rel}","templated":true}]}}