{"id":541,"date":"2020-10-01T14:26:32","date_gmt":"2020-10-01T14:26:32","guid":{"rendered":"https:\/\/kaart.nurrunurk.ee\/?page_id=541"},"modified":"2020-10-02T16:54:46","modified_gmt":"2020-10-02T16:54:46","slug":"sihtasutus","status":"publish","type":"page","link":"https:\/\/kaart.nurrunurk.ee\/?page_id=541","title":{"rendered":"Sihtasutus"},"content":{"rendered":"\t\t<div data-elementor-type=\"wp-page\" data-elementor-id=\"541\" class=\"elementor elementor-541\" data-elementor-settings=\"[]\">\n\t\t\t\t\t\t<div class=\"elementor-inner\">\n\t\t\t\t\t\t\t<div class=\"elementor-section-wrap\">\n\t\t\t\t\t\t\t<section class=\"elementor-section elementor-top-section elementor-element elementor-element-f937beb elementor-section-boxed elementor-section-height-default elementor-section-height-default\" data-id=\"f937beb\" data-element_type=\"section\">\n\t\t\t\t\t\t<div class=\"elementor-container elementor-column-gap-default\">\n\t\t\t\t\t\t\t<div class=\"elementor-row\">\n\t\t\t\t\t<div class=\"elementor-column elementor-col-100 elementor-top-column elementor-element elementor-element-cbafbfb\" data-id=\"cbafbfb\" data-element_type=\"column\">\n\t\t\t<div class=\"elementor-column-wrap elementor-element-populated\">\n\t\t\t\t\t\t\t<div class=\"elementor-widget-wrap\">\n\t\t\t\t\t\t<div class=\"elementor-element elementor-element-2997b23 elementor-widget elementor-widget-image\" data-id=\"2997b23\" data-element_type=\"widget\" data-widget_type=\"image.default\">\n\t\t\t\t<div class=\"elementor-widget-container\">\n\t\t\t\t\t<div class=\"elementor-image\">\n\t\t\t\t\t\t\t\t\t\t<img loading=\"lazy\" decoding=\"async\" width=\"300\" height=\"160\" src=\"https:\/\/kaart.nurrunurk.ee\/wp-content\/uploads\/2020\/10\/05mai-016-scaled-e1601576467159-300x160.jpg\" class=\"attachment-medium size-medium\" alt=\"\" srcset=\"https:\/\/kaart.nurrunurk.ee\/wp-content\/uploads\/2020\/10\/05mai-016-scaled-e1601576467159-300x160.jpg 300w, https:\/\/kaart.nurrunurk.ee\/wp-content\/uploads\/2020\/10\/05mai-016-scaled-e1601576467159-1024x546.jpg 1024w, https:\/\/kaart.nurrunurk.ee\/wp-content\/uploads\/2020\/10\/05mai-016-scaled-e1601576467159-768x410.jpg 768w, https:\/\/kaart.nurrunurk.ee\/wp-content\/uploads\/2020\/10\/05mai-016-scaled-e1601576467159-1536x819.jpg 1536w, https:\/\/kaart.nurrunurk.ee\/wp-content\/uploads\/2020\/10\/05mai-016-scaled-e1601576467159-24x13.jpg 24w, https:\/\/kaart.nurrunurk.ee\/wp-content\/uploads\/2020\/10\/05mai-016-scaled-e1601576467159-36x19.jpg 36w, https:\/\/kaart.nurrunurk.ee\/wp-content\/uploads\/2020\/10\/05mai-016-scaled-e1601576467159-48x26.jpg 48w, https:\/\/kaart.nurrunurk.ee\/wp-content\/uploads\/2020\/10\/05mai-016-scaled-e1601576467159.jpg 1920w\" sizes=\"auto, (max-width: 300px) 100vw, 300px\" \/>\t\t\t\t\t\t\t\t\t\t\t<\/div>\n\t\t\t\t<\/div>\n\t\t\t\t<\/div>\n\t\t\t\t<div class=\"elementor-element elementor-element-0716946 elementor-widget elementor-widget-heading\" data-id=\"0716946\" data-element_type=\"widget\" data-widget_type=\"heading.default\">\n\t\t\t\t<div class=\"elementor-widget-container\">\n\t\t\t<h2 class=\"elementor-heading-title elementor-size-default\">Sihtasutus<\/h2>\t\t<\/div>\n\t\t\t\t<\/div>\n\t\t\t\t\t\t<\/div>\n\t\t\t\t\t<\/div>\n\t\t<\/div>\n\t\t\t\t\t\t\t\t<\/div>\n\t\t\t\t\t<\/div>\n\t\t<\/section>\n\t\t\t\t<section class=\"elementor-section elementor-top-section elementor-element elementor-element-f67b826 elementor-section-boxed elementor-section-height-default elementor-section-height-default\" data-id=\"f67b826\" data-element_type=\"section\">\n\t\t\t\t\t\t<div class=\"elementor-container elementor-column-gap-default\">\n\t\t\t\t\t\t\t<div class=\"elementor-row\">\n\t\t\t\t\t<div class=\"elementor-column elementor-col-100 elementor-top-column elementor-element elementor-element-02b8ad1\" data-id=\"02b8ad1\" data-element_type=\"column\">\n\t\t\t<div class=\"elementor-column-wrap elementor-element-populated\">\n\t\t\t\t\t\t\t<div class=\"elementor-widget-wrap\">\n\t\t\t\t\t\t<div class=\"elementor-element elementor-element-efd6863 elementor-widget elementor-widget-text-editor\" data-id=\"efd6863\" data-element_type=\"widget\" data-widget_type=\"text-editor.default\">\n\t\t\t\t<div class=\"elementor-widget-container\">\n\t\t\t\t\t<div class=\"elementor-text-editor elementor-clearfix\"><h2 style=\"color: #000000; font-family: Roboto, sans-serif; font-weight: 300; font-size: 18px; text-shadow: rgba(0, 0, 0, 0.3) 0px 0px 10px;\" data-elementor-setting-key=\"title\" data-pen-placeholder=\"Type Here...\">P\u00f6ide Maarja Kiriku Sihtasutus loodi P\u00f6ide Maarja koguduse ja P\u00f6ide valla poolt 13.m\u00e4rtsil 2012.<\/h2><h2 style=\"color: #000000; font-family: Roboto, sans-serif; font-weight: 300; font-size: 18px; text-shadow: rgba(0, 0, 0, 0.3) 0px 0px 10px;\" data-elementor-setting-key=\"title\" data-pen-placeholder=\"Type Here...\">Sihtasutuse p\u00f5hikirjaliseks eesm\u00e4rgiks on P\u00f6ide Maarja kiriku kui unikaalse arhitektuuri- ja ajaloom\u00e4lestise p\u00e4\u00e4stmine h\u00e4vimisest, selle taastamine kiriklike funktsioonide s\u00e4ilimise ja laiendamise ning Saaremaal ainulaadse ja omap\u00e4rase suurejoonelise kontserdisaali ja turismiobjektina kasutamise eesm\u00e4rgil.<\/h2><h2 style=\"color: #000000; font-family: Roboto, sans-serif; font-weight: 300; font-size: 18px; text-shadow: rgba(0, 0, 0, 0.3) 0px 0px 10px;\" data-elementor-setting-key=\"title\" data-pen-placeholder=\"Type Here...\">Sihtasutuse kaheksaliikmelise n\u00f5ukogu esimesse koosseisu kuulusid koguduse poolt n\u00f5ukogu esimehena Saarte praost Veiko Vihuri ja liikmetena kunstiajaloolane Anne Untera, Heidi Madisson ja Meelis P\u00e4rn ning P\u00f6ide valla poolt sihtasutuse Saaremaa Turism juhatuse liige Angela Nairis, Eesti Muinsuskaitse Seltsi esimees Jaan Tamm, P\u00f6ide vallasekret\u00e4r Maire K\u00e4\u00e4rid ning AS Eesti Teed teemeister Vilmar Laak.<\/h2><h2 style=\"color: #000000; font-family: Roboto, sans-serif; font-weight: 300; font-size: 18px; text-shadow: rgba(0, 0, 0, 0.3) 0px 0px 10px;\" data-elementor-setting-key=\"title\" data-pen-placeholder=\"Type Here...\">SA n\u00f5ukogu esimene esimees oli praost Veiko Vihuri, SA juhatuse liige Gerri Gr\u00fcnberg.Aastal 2018 on P\u00f6ide Maarja Kiriku Sihtasutuse n\u00f5ukogu liikmed:<br \/>Vilmar Laak<br \/>Angela Nairis<br \/>Maire K\u00e4\u00e4rid<br \/>Argo P\u00fcssim<br \/>Maarja Truumees<br \/>Meelis P\u00e4rn<br \/>Elje Kula<br \/>SA n\u00f5ukogu esimees on Jaan Tamm<br \/>SA juhatuse liige on Anne Untera<br \/><br \/>E-kiri: poidekirik@gmail.com<br \/>Telefon: +372 56 622 452<br \/>Postiaadress: P\u00f6ide k\u00fcla, P\u00f6ide vald, Saare maakond 94524<br \/>Sihtasutuse \u00e4riregistri kood: 90010798<\/h2><h2 style=\"color: #000000; font-family: Roboto, sans-serif; font-weight: 300; font-size: 18px; text-shadow: rgba(0, 0, 0, 0.3) 0px 0px 10px;\" data-elementor-setting-key=\"title\" data-pen-placeholder=\"Type Here...\">Arveldusarve kiriku taastamise toetuseks: <br \/>P\u00f6ide Maarja Kiriku SA<br \/>Swedbank EE492200221054650133<\/h2><\/div>\n\t\t\t\t<\/div>\n\t\t\t\t<\/div>\n\t\t\t\t\t\t<\/div>\n\t\t\t\t\t<\/div>\n\t\t<\/div>\n\t\t\t\t\t\t\t\t<\/div>\n\t\t\t\t\t<\/div>\n\t\t<\/section>\n\t\t\t\t\t\t<\/div>\n\t\t\t\t\t\t<\/div>\n\t\t\t\t\t<\/div>\n\t\t","protected":false},"excerpt":{"rendered":"<p>Sihtasutus P\u00f6ide Maarja Kiriku Sihtasutus loodi P\u00f6ide Maarja koguduse ja P\u00f6ide valla poolt 13.m\u00e4rtsil 2012. Sihtasutuse p\u00f5hikirjaliseks eesm\u00e4rgiks on P\u00f6ide Maarja kiriku kui unikaalse arhitektuuri- ja ajaloom\u00e4lestise p\u00e4\u00e4stmine h\u00e4vimisest, selle taastamine kiriklike funktsioonide s\u00e4ilimise ja laiendamise ning Saaremaal ainulaadse ja omap\u00e4rase suurejoonelise kontserdisaali ja turismiobjektina kasutamise eesm\u00e4rgil. Sihtasutuse kaheksaliikmelise n\u00f5ukogu esimesse koosseisu kuulusid koguduse poolt&hellip;<\/p>\n","protected":false},"author":1,"featured_media":0,"parent":0,"menu_order":0,"comment_status":"closed","ping_status":"closed","template":"","meta":{"footnotes":""},"class_list":["post-541","page","type-page","status-publish","hentry","post"],"_links":{"self":[{"href":"https:\/\/kaart.nurrunurk.ee\/index.php?rest_route=\/wp\/v2\/pages\/541","targetHints":{"allow":["GET"]}}],"collection":[{"href":"https:\/\/kaart.nurrunurk.ee\/index.php?rest_route=\/wp\/v2\/pages"}],"about":[{"href":"https:\/\/kaart.nurrunurk.ee\/index.php?rest_route=\/wp\/v2\/types\/page"}],"author":[{"embeddable":true,"href":"https:\/\/kaart.nurrunurk.ee\/index.php?rest_route=\/wp\/v2\/users\/1"}],"replies":[{"embeddable":true,"href":"https:\/\/kaart.nurrunurk.ee\/index.php?rest_route=%2Fwp%2Fv2%2Fcomments&post=541"}],"version-history":[{"count":8,"href":"https:\/\/kaart.nurrunurk.ee\/index.php?rest_route=\/wp\/v2\/pages\/541\/revisions"}],"predecessor-version":[{"id":761,"href":"https:\/\/kaart.nurrunurk.ee\/index.php?rest_route=\/wp\/v2\/pages\/541\/revisions\/761"}],"wp:attachment":[{"href":"https:\/\/kaart.nurrunurk.ee\/index.php?rest_route=%2Fwp%2Fv2%2Fmedia&parent=541"}],"curies":[{"name":"wp","href":"https:\/\/api.w.org\/{rel}","templated":true}]}}