{"id":544,"date":"2020-10-01T14:27:42","date_gmt":"2020-10-01T14:27:42","guid":{"rendered":"https:\/\/kaart.nurrunurk.ee\/?page_id=544"},"modified":"2020-10-03T20:16:24","modified_gmt":"2020-10-03T20:16:24","slug":"uudised","status":"publish","type":"page","link":"https:\/\/kaart.nurrunurk.ee\/?page_id=544","title":{"rendered":"S\u00fcndmused"},"content":{"rendered":"\t\t<div data-elementor-type=\"wp-page\" data-elementor-id=\"544\" class=\"elementor elementor-544\" data-elementor-settings=\"[]\">\n\t\t\t\t\t\t<div class=\"elementor-inner\">\n\t\t\t\t\t\t\t<div class=\"elementor-section-wrap\">\n\t\t\t\t\t\t\t<section class=\"elementor-section elementor-top-section elementor-element elementor-element-f937beb elementor-section-boxed elementor-section-height-default elementor-section-height-default\" data-id=\"f937beb\" data-element_type=\"section\">\n\t\t\t\t\t\t<div class=\"elementor-container elementor-column-gap-default\">\n\t\t\t\t\t\t\t<div class=\"elementor-row\">\n\t\t\t\t\t<div class=\"elementor-column elementor-col-100 elementor-top-column elementor-element elementor-element-cbafbfb\" data-id=\"cbafbfb\" data-element_type=\"column\">\n\t\t\t<div class=\"elementor-column-wrap elementor-element-populated\">\n\t\t\t\t\t\t\t<div class=\"elementor-widget-wrap\">\n\t\t\t\t\t\t<div class=\"elementor-element elementor-element-2997b23 elementor-widget elementor-widget-image\" data-id=\"2997b23\" data-element_type=\"widget\" data-widget_type=\"image.default\">\n\t\t\t\t<div class=\"elementor-widget-container\">\n\t\t\t\t\t<div class=\"elementor-image\">\n\t\t\t\t\t\t\t\t\t\t<img loading=\"lazy\" decoding=\"async\" width=\"300\" height=\"160\" src=\"https:\/\/kaart.nurrunurk.ee\/wp-content\/uploads\/2020\/10\/05mai-016-scaled-e1601576467159-300x160.jpg\" class=\"attachment-medium size-medium\" alt=\"\" srcset=\"https:\/\/kaart.nurrunurk.ee\/wp-content\/uploads\/2020\/10\/05mai-016-scaled-e1601576467159-300x160.jpg 300w, https:\/\/kaart.nurrunurk.ee\/wp-content\/uploads\/2020\/10\/05mai-016-scaled-e1601576467159-1024x546.jpg 1024w, https:\/\/kaart.nurrunurk.ee\/wp-content\/uploads\/2020\/10\/05mai-016-scaled-e1601576467159-768x410.jpg 768w, https:\/\/kaart.nurrunurk.ee\/wp-content\/uploads\/2020\/10\/05mai-016-scaled-e1601576467159-1536x819.jpg 1536w, https:\/\/kaart.nurrunurk.ee\/wp-content\/uploads\/2020\/10\/05mai-016-scaled-e1601576467159-24x13.jpg 24w, https:\/\/kaart.nurrunurk.ee\/wp-content\/uploads\/2020\/10\/05mai-016-scaled-e1601576467159-36x19.jpg 36w, https:\/\/kaart.nurrunurk.ee\/wp-content\/uploads\/2020\/10\/05mai-016-scaled-e1601576467159-48x26.jpg 48w, https:\/\/kaart.nurrunurk.ee\/wp-content\/uploads\/2020\/10\/05mai-016-scaled-e1601576467159.jpg 1920w\" sizes=\"auto, (max-width: 300px) 100vw, 300px\" \/>\t\t\t\t\t\t\t\t\t\t\t<\/div>\n\t\t\t\t<\/div>\n\t\t\t\t<\/div>\n\t\t\t\t<div class=\"elementor-element elementor-element-0716946 elementor-widget elementor-widget-heading\" data-id=\"0716946\" data-element_type=\"widget\" data-widget_type=\"heading.default\">\n\t\t\t\t<div class=\"elementor-widget-container\">\n\t\t\t<h2 class=\"elementor-heading-title elementor-size-default\">S\u00fcndmused<\/h2>\t\t<\/div>\n\t\t\t\t<\/div>\n\t\t\t\t\t\t<\/div>\n\t\t\t\t\t<\/div>\n\t\t<\/div>\n\t\t\t\t\t\t\t\t<\/div>\n\t\t\t\t\t<\/div>\n\t\t<\/section>\n\t\t\t\t<section class=\"elementor-section elementor-top-section elementor-element elementor-element-9de12bf elementor-section-boxed elementor-section-height-default elementor-section-height-default\" data-id=\"9de12bf\" data-element_type=\"section\">\n\t\t\t\t\t\t<div class=\"elementor-container elementor-column-gap-default\">\n\t\t\t\t\t\t\t<div class=\"elementor-row\">\n\t\t\t\t\t<div class=\"elementor-column elementor-col-33 elementor-top-column elementor-element elementor-element-f3fe678\" data-id=\"f3fe678\" data-element_type=\"column\">\n\t\t\t<div class=\"elementor-column-wrap\">\n\t\t\t\t\t\t\t<div class=\"elementor-widget-wrap\">\n\t\t\t\t\t\t\t\t<\/div>\n\t\t\t\t\t<\/div>\n\t\t<\/div>\n\t\t\t\t<div class=\"elementor-column elementor-col-33 elementor-top-column elementor-element elementor-element-7db6267\" data-id=\"7db6267\" data-element_type=\"column\">\n\t\t\t<div class=\"elementor-column-wrap elementor-element-populated\">\n\t\t\t\t\t\t\t<div class=\"elementor-widget-wrap\">\n\t\t\t\t\t\t<div class=\"elementor-element elementor-element-9ac30aa elementor-widget elementor-widget-text-editor\" data-id=\"9ac30aa\" data-element_type=\"widget\" data-widget_type=\"text-editor.default\">\n\t\t\t\t<div class=\"elementor-widget-container\">\n\t\t\t\t\t<div class=\"elementor-text-editor elementor-clearfix\"><p>Kasutame ka Facebooki.<br \/>Sealt leiate palju teavet eelseisvate ja m\u00f6\u00f6dunud s\u00fcndmuste kohta. <br \/>Link leidub men\u00fc\u00fcst &#8220;to Facebook&#8221;. Allpool on l\u00fchike \u00fclevaade eelmistest aastates<\/p><\/div>\n\t\t\t\t<\/div>\n\t\t\t\t<\/div>\n\t\t\t\t\t\t<\/div>\n\t\t\t\t\t<\/div>\n\t\t<\/div>\n\t\t\t\t<div class=\"elementor-column elementor-col-33 elementor-top-column elementor-element elementor-element-b759bfb\" data-id=\"b759bfb\" data-element_type=\"column\">\n\t\t\t<div class=\"elementor-column-wrap\">\n\t\t\t\t\t\t\t<div class=\"elementor-widget-wrap\">\n\t\t\t\t\t\t\t\t<\/div>\n\t\t\t\t\t<\/div>\n\t\t<\/div>\n\t\t\t\t\t\t\t\t<\/div>\n\t\t\t\t\t<\/div>\n\t\t<\/section>\n\t\t\t\t<section class=\"elementor-section elementor-top-section elementor-element elementor-element-f67b826 elementor-section-boxed elementor-section-height-default elementor-section-height-default\" data-id=\"f67b826\" data-element_type=\"section\">\n\t\t\t\t\t\t<div class=\"elementor-container elementor-column-gap-default\">\n\t\t\t\t\t\t\t<div class=\"elementor-row\">\n\t\t\t\t\t<div class=\"elementor-column elementor-col-100 elementor-top-column elementor-element elementor-element-02b8ad1\" data-id=\"02b8ad1\" data-element_type=\"column\">\n\t\t\t<div class=\"elementor-column-wrap elementor-element-populated\">\n\t\t\t\t\t\t\t<div class=\"elementor-widget-wrap\">\n\t\t\t\t\t\t<div class=\"elementor-element elementor-element-efd6863 elementor-widget elementor-widget-text-editor\" data-id=\"efd6863\" data-element_type=\"widget\" data-widget_type=\"text-editor.default\">\n\t\t\t\t<div class=\"elementor-widget-container\">\n\t\t\t\t\t<div class=\"elementor-text-editor elementor-clearfix\"><h2 style=\"color: #000000; font-family: Roboto, sans-serif; font-weight: 300; font-size: 18px; text-shadow: rgba(0, 0, 0, 0.3) 0px 0px 10px;\" data-elementor-setting-key=\"title\" data-pen-placeholder=\"Type Here...\"><strong>Mis varemalt on olnud..<\/strong>.<\/h2><h2 style=\"color: #000000; font-family: Roboto, sans-serif; font-weight: 300; font-size: 18px; text-shadow: rgba(0, 0, 0, 0.3) 0px 0px 10px;\" data-elementor-setting-key=\"title\" data-pen-placeholder=\"Type Here...\">2017<br \/>11. juuni. Kolmainup\u00fcha. T\u00e4histati teema-aastat &#8220;Reformatsioon 500&#8221;. Teenisid piiskop Joel Luhamets ja Veiko Vihuri, m\u00e4ngis Kose pasunakoor, laulis Saueri segakoor. Kirikuaeda istutati \u00f5unapuu.<br \/>22. juuli. Mee- ja k\u00e4sit\u00f6\u00f6laat kiriku \u00f5uel. Kunstiajaloolane Anne Untera r\u00e4\u00e4kis \u201eP\u00f6ide Maarja kiriku ja ordulinnuse ajaloost, vastatud ja vastuseta k\u00fcsimustest\u201c.<br \/>13. august: Kiriku nimep\u00e4eva, Neitsi Maarja Uinumise p\u00fcha t\u00e4histamine. Ansambli Tuli Taevast heategevuslik kontsert, j\u00e4rgnes Juhan Kilumetsa ettekanne \u201eSuure kiriku v\u00e4ikestest asjadest, kadunud interj\u00f6\u00f6rist, viimase aja leidudest ja restauraatorite tegemistest\u201c.<br \/>10. september. Koogikontsert, esin&#8221;esid Annikki Aruv\u00e4li, Edoardo Narbona ja Monika P\u00f5ld.<\/h2><h2 style=\"color: #000000; font-family: Roboto, sans-serif; font-weight: 300; font-size: 18px; text-shadow: rgba(0, 0, 0, 0.3) 0px 0px 10px;\" data-elementor-setting-key=\"title\" data-pen-placeholder=\"Type Here...\">2016<br \/>10. juuli 2016. Heinamaarjap\u00e4ev P\u00f6ide Maarja kirikus.<br \/>Vaimulik s\u00f5na: P\u00f6ide Maarja kiriku diakon Andi Angel. Heategevuslik kontsert, esines ansambel Tuli Taevast. J\u00e4rgnes arheoloog Jaan Tamme ettekanne: \u201cP\u00f6ide ordulinnuse ja kiriku vanemast ajaloost ning korrastamise hetkeseisust\u201d. Juhan Kilumets tutvustas lisaks vitraa\u017eakende renoveerimise hetkeseisu ja konservaator Hilkka Hiiop k\u00f5neles maalinguleidudest seintel ja l\u00e4\u00e4nev\u00f5lviku laes (Roosiline P\u00f6ide).<\/h2><h2 style=\"color: #000000; font-family: Roboto, sans-serif; font-weight: 300; font-size: 18px; text-shadow: rgba(0, 0, 0, 0.3) 0px 0px 10px;\" data-elementor-setting-key=\"title\" data-pen-placeholder=\"Type Here...\">23. september. T\u00e4nujumalateenistus uute vitraa\u017eakende ja \u00fchisel j\u00f5ul renoveeritud ristimiskivi sisse p\u00fchitsemisega. Esines puhkpilliansambel \u201cKuldsed Lehtrid&#8221;.<\/h2><h2 style=\"color: #000000; font-family: Roboto, sans-serif; font-weight: 300; font-size: 18px; text-shadow: rgba(0, 0, 0, 0.3) 0px 0px 10px;\" data-elementor-setting-key=\"title\" data-pen-placeholder=\"Type Here...\">2015<br \/>Juunis 2015 l\u00f5unaportaali ja avat\u00e4idete restaureerimist\u00f6\u00f6d.<br \/>Selleks oli riigieelarvest eraldatud 45 000 eurot, lisaks annetas Saaremaa r\u00fc\u00fctelkond P\u00f6ide kogudusele 15 000 eurot tornialuse ruumi kolme akna restaureerimiseks. <br \/>T\u00f6\u00f6de kogumaksumus \u00fcle 100 000 euro.<\/h2><h2 style=\"color: #000000; font-family: Roboto, sans-serif; font-weight: 300; font-size: 18px; text-shadow: rgba(0, 0, 0, 0.3) 0px 0px 10px;\" data-elementor-setting-key=\"title\" data-pen-placeholder=\"Type Here...\">4. juuli 2015. Heinamaarjap\u00e4ev P\u00f6ide Maarja kirikus.<br \/>P\u00f6ide Maarja kiriku diakon Andi Angel p\u00fchitses rajatava allee. J\u00e4rgnes loeng Eesti Maarjakase Seltsi juhatajalt Ivar Sibulalt, kes tutvustas maarjakase ehk karjala kase v\u00e4\u00e4rtust ja kasvatamist.<br \/>Kontserdiga esines laulja Triin Ella, teda saatis Tiina K\u00e4rblane. Seej\u00e4rel tegi ehitusarheoloog Villu Kadakas ettekande \u201cP\u00f6ide kirikuhoone ja ordulinnuse vanimast ajaloost\u201d.<\/h2><h2 style=\"color: #000000; font-family: Roboto, sans-serif; font-weight: 300; font-size: 18px; text-shadow: rgba(0, 0, 0, 0.3) 0px 0px 10px;\" data-elementor-setting-key=\"title\" data-pen-placeholder=\"Type Here...\">26. detsember 2012<br \/>Algas P\u00f6ide kiriku katuse renoveerimine. T\u00f6\u00f6mehed monteerisid kokku hulga ferme (lihtsamalt \u00f6eldes sarikaid), mis kraanaga paika t\u00f5steti.<\/h2><\/div>\n\t\t\t\t<\/div>\n\t\t\t\t<\/div>\n\t\t\t\t\t\t<\/div>\n\t\t\t\t\t<\/div>\n\t\t<\/div>\n\t\t\t\t\t\t\t\t<\/div>\n\t\t\t\t\t<\/div>\n\t\t<\/section>\n\t\t\t\t\t\t<\/div>\n\t\t\t\t\t\t<\/div>\n\t\t\t\t\t<\/div>\n\t\t","protected":false},"excerpt":{"rendered":"<p>S\u00fcndmused Kasutame ka Facebooki. Sealt leiate palju teavet eelseisvate ja m\u00f6\u00f6dunud s\u00fcndmuste kohta. Link leidub men\u00fc\u00fcst &#8220;to Facebook&#8221;. Allpool on l\u00fchike \u00fclevaade eelmistest aastates Mis varemalt on olnud&#8230; 2017 11. juuni. Kolmainup\u00fcha. T\u00e4histati teema-aastat &#8220;Reformatsioon 500&#8221;. Teenisid piiskop Joel Luhamets ja Veiko Vihuri, m\u00e4ngis Kose pasunakoor, laulis Saueri segakoor. Kirikuaeda istutati \u00f5unapuu. 22. juuli. Mee-&hellip;<\/p>\n","protected":false},"author":1,"featured_media":0,"parent":0,"menu_order":0,"comment_status":"closed","ping_status":"closed","template":"","meta":{"footnotes":""},"class_list":["post-544","page","type-page","status-publish","hentry","post"],"_links":{"self":[{"href":"https:\/\/kaart.nurrunurk.ee\/index.php?rest_route=\/wp\/v2\/pages\/544","targetHints":{"allow":["GET"]}}],"collection":[{"href":"https:\/\/kaart.nurrunurk.ee\/index.php?rest_route=\/wp\/v2\/pages"}],"about":[{"href":"https:\/\/kaart.nurrunurk.ee\/index.php?rest_route=\/wp\/v2\/types\/page"}],"author":[{"embeddable":true,"href":"https:\/\/kaart.nurrunurk.ee\/index.php?rest_route=\/wp\/v2\/users\/1"}],"replies":[{"embeddable":true,"href":"https:\/\/kaart.nurrunurk.ee\/index.php?rest_route=%2Fwp%2Fv2%2Fcomments&post=544"}],"version-history":[{"count":15,"href":"https:\/\/kaart.nurrunurk.ee\/index.php?rest_route=\/wp\/v2\/pages\/544\/revisions"}],"predecessor-version":[{"id":838,"href":"https:\/\/kaart.nurrunurk.ee\/index.php?rest_route=\/wp\/v2\/pages\/544\/revisions\/838"}],"wp:attachment":[{"href":"https:\/\/kaart.nurrunurk.ee\/index.php?rest_route=%2Fwp%2Fv2%2Fmedia&parent=544"}],"curies":[{"name":"wp","href":"https:\/\/api.w.org\/{rel}","templated":true}]}}