{"id":668,"date":"2020-10-02T09:50:58","date_gmt":"2020-10-02T09:50:58","guid":{"rendered":"https:\/\/kaart.nurrunurk.ee\/?page_id=668"},"modified":"2020-10-02T17:01:36","modified_gmt":"2020-10-02T17:01:36","slug":"donations","status":"publish","type":"page","link":"https:\/\/kaart.nurrunurk.ee\/?page_id=668","title":{"rendered":"Donations"},"content":{"rendered":"\t\t<div data-elementor-type=\"wp-page\" data-elementor-id=\"668\" class=\"elementor elementor-668\" data-elementor-settings=\"[]\">\n\t\t\t\t\t\t<div class=\"elementor-inner\">\n\t\t\t\t\t\t\t<div class=\"elementor-section-wrap\">\n\t\t\t\t\t\t\t<section class=\"elementor-section elementor-top-section elementor-element elementor-element-f937beb elementor-section-boxed elementor-section-height-default elementor-section-height-default\" data-id=\"f937beb\" data-element_type=\"section\">\n\t\t\t\t\t\t<div class=\"elementor-container elementor-column-gap-default\">\n\t\t\t\t\t\t\t<div class=\"elementor-row\">\n\t\t\t\t\t<div class=\"elementor-column elementor-col-100 elementor-top-column elementor-element elementor-element-cbafbfb\" data-id=\"cbafbfb\" data-element_type=\"column\">\n\t\t\t<div class=\"elementor-column-wrap elementor-element-populated\">\n\t\t\t\t\t\t\t<div class=\"elementor-widget-wrap\">\n\t\t\t\t\t\t<div class=\"elementor-element elementor-element-2997b23 elementor-widget elementor-widget-image\" data-id=\"2997b23\" data-element_type=\"widget\" data-widget_type=\"image.default\">\n\t\t\t\t<div class=\"elementor-widget-container\">\n\t\t\t\t\t<div class=\"elementor-image\">\n\t\t\t\t\t\t\t\t\t\t<img loading=\"lazy\" decoding=\"async\" width=\"300\" height=\"160\" src=\"https:\/\/kaart.nurrunurk.ee\/wp-content\/uploads\/2020\/10\/05mai-016-scaled-e1601576467159-300x160.jpg\" class=\"attachment-medium size-medium\" alt=\"\" srcset=\"https:\/\/kaart.nurrunurk.ee\/wp-content\/uploads\/2020\/10\/05mai-016-scaled-e1601576467159-300x160.jpg 300w, https:\/\/kaart.nurrunurk.ee\/wp-content\/uploads\/2020\/10\/05mai-016-scaled-e1601576467159-1024x546.jpg 1024w, https:\/\/kaart.nurrunurk.ee\/wp-content\/uploads\/2020\/10\/05mai-016-scaled-e1601576467159-768x410.jpg 768w, https:\/\/kaart.nurrunurk.ee\/wp-content\/uploads\/2020\/10\/05mai-016-scaled-e1601576467159-1536x819.jpg 1536w, https:\/\/kaart.nurrunurk.ee\/wp-content\/uploads\/2020\/10\/05mai-016-scaled-e1601576467159-24x13.jpg 24w, https:\/\/kaart.nurrunurk.ee\/wp-content\/uploads\/2020\/10\/05mai-016-scaled-e1601576467159-36x19.jpg 36w, https:\/\/kaart.nurrunurk.ee\/wp-content\/uploads\/2020\/10\/05mai-016-scaled-e1601576467159-48x26.jpg 48w, https:\/\/kaart.nurrunurk.ee\/wp-content\/uploads\/2020\/10\/05mai-016-scaled-e1601576467159.jpg 1920w\" sizes=\"auto, (max-width: 300px) 100vw, 300px\" \/>\t\t\t\t\t\t\t\t\t\t\t<\/div>\n\t\t\t\t<\/div>\n\t\t\t\t<\/div>\n\t\t\t\t<div class=\"elementor-element elementor-element-0716946 elementor-widget elementor-widget-heading\" data-id=\"0716946\" data-element_type=\"widget\" data-widget_type=\"heading.default\">\n\t\t\t\t<div class=\"elementor-widget-container\">\n\t\t\t<h2 class=\"elementor-heading-title elementor-size-default\">Donations<\/h2>\t\t<\/div>\n\t\t\t\t<\/div>\n\t\t\t\t\t\t<\/div>\n\t\t\t\t\t<\/div>\n\t\t<\/div>\n\t\t\t\t\t\t\t\t<\/div>\n\t\t\t\t\t<\/div>\n\t\t<\/section>\n\t\t\t\t<section class=\"elementor-section elementor-top-section elementor-element elementor-element-f67b826 elementor-section-boxed elementor-section-height-default elementor-section-height-default\" data-id=\"f67b826\" data-element_type=\"section\">\n\t\t\t\t\t\t<div class=\"elementor-container elementor-column-gap-default\">\n\t\t\t\t\t\t\t<div class=\"elementor-row\">\n\t\t\t\t\t<div class=\"elementor-column elementor-col-100 elementor-top-column elementor-element elementor-element-02b8ad1\" data-id=\"02b8ad1\" data-element_type=\"column\">\n\t\t\t<div class=\"elementor-column-wrap elementor-element-populated\">\n\t\t\t\t\t\t\t<div class=\"elementor-widget-wrap\">\n\t\t\t\t\t\t<div class=\"elementor-element elementor-element-efd6863 elementor-widget elementor-widget-text-editor\" data-id=\"efd6863\" data-element_type=\"widget\" data-widget_type=\"text-editor.default\">\n\t\t\t\t<div class=\"elementor-widget-container\">\n\t\t\t\t\t<div class=\"elementor-text-editor elementor-clearfix\"><h2 style=\"color: #000000; font-family: Roboto, sans-serif; font-weight: 300; font-size: 18px; text-shadow: rgba(0, 0, 0, 0.3) 0px 0px 10px;\" data-elementor-setting-key=\"title\" data-pen-placeholder=\"Type Here...\">Donations&nbsp;form Donations form the main financial source for financing the activity of the foundation. In order to receive money from most other funds, the obligatory condition is self-financing. Donations can be transferred to the bank account of the congregation and the bank account of the foundation.<br><big><\/big><big><small>EELK P\u00f6ide Maarja Kogudus&nbsp;<\/small><\/big><big><small>(congregation<\/small><\/big><big><small>)<\/small><\/big><br><big><small><a href=\"https:\/\/www.swedbank.ee\/private\" target=\"_blank\" rel=\"noopener\">Swedbank<\/a>&nbsp; EE292200001120136950.<\/small><\/big><br><big><small><a href=\"https:\/\/www.swedbank.ee\/private\" target=\"_blank\" rel=\"noopener\">Swedbank<\/a>&nbsp;<\/small><\/big><big><small>special account<\/small><\/big><big><small>&nbsp;<\/small><\/big><big><small>(donations and projects)<\/small><\/big><br><big><small><a href=\"https:\/\/www.swedbank.ee\/private\" target=\"_blank\" rel=\"noopener\">Swedbank<\/a><\/small><\/big><big><small>&nbsp;EE232200221039772450<small><small><small><small><\/small><\/small><\/small><small><small><\/small><\/small><\/small><\/small><\/big><br><big><small>P\u00f6ide Maarja Kiriku SA&nbsp;bank account:&nbsp;<\/small><\/big><br><big><small><a href=\"https:\/\/www.swedbank.ee\/private\" target=\"_blank\" rel=\"noopener\">Swedbank<\/a>&nbsp;&nbsp;EE492200221054650133<\/small><\/big><br><big><small>We are very delighted that the majority of donators donate money repeatedly, even on monthly basis. It shows that you consider it important that the church would stand and operate also in the future.Million thanks! We will make public the list of donators but not the sums donated because all donations come from heart. We try to give a short overview of the finances used and each donator has a right to ask what has precisely been done for the money. In the years 2012\/2013 the main topic was tidying up the surroundings of the church and for that purpose we purchased some tools. We levelled the earth mounds on the southern side of the church, published a leaflet in Estonian, German, Finnish, English and Russian, introducing the church for the visitors and supporters. In 2014 we organised within the framework of PRIA a project in Levala to restore the stone wall along the road taking to the village and started the maintenance work of the part of the park between the pastorate and the church. In July and August 2014, four young volunteers from Germany, Austria and France, whose main task was to clean the old roof tiles from the church wall worked by the church. The building of the church roof by O\u00dc R\u00e4ndmeister financed by the Ministry of Culture was also completed. The restoration of doors and windows was planned in the year 2015. Money from the state budget was received but in addition the importance of donations increased. Support for the restoration of windows came from Saaremaa Knighthood led by Baron Hannsj\u00f6rg Freytag von Loringhoven,<\/small><\/big><br><big><small>Contact us: poidekirik@gmail.com<\/small>&nbsp;<\/big><\/h2><\/div>\n\t\t\t\t<\/div>\n\t\t\t\t<\/div>\n\t\t\t\t\t\t<\/div>\n\t\t\t\t\t<\/div>\n\t\t<\/div>\n\t\t\t\t\t\t\t\t<\/div>\n\t\t\t\t\t<\/div>\n\t\t<\/section>\n\t\t\t\t<section class=\"elementor-section elementor-top-section elementor-element elementor-element-fd17fc1 elementor-section-boxed elementor-section-height-default elementor-section-height-default\" data-id=\"fd17fc1\" data-element_type=\"section\">\n\t\t\t\t\t\t<div class=\"elementor-container elementor-column-gap-default\">\n\t\t\t\t\t\t\t<div class=\"elementor-row\">\n\t\t\t\t\t<div class=\"elementor-column elementor-col-100 elementor-top-column elementor-element elementor-element-03f889f\" data-id=\"03f889f\" data-element_type=\"column\">\n\t\t\t<div class=\"elementor-column-wrap elementor-element-populated\">\n\t\t\t\t\t\t\t<div class=\"elementor-widget-wrap\">\n\t\t\t\t\t\t<div class=\"elementor-element elementor-element-3c113f8 elementor-widget elementor-widget-heading\" data-id=\"3c113f8\" data-element_type=\"widget\" data-widget_type=\"heading.default\">\n\t\t\t\t<div class=\"elementor-widget-container\">\n\t\t\t<h2 class=\"elementor-heading-title elementor-size-default\">Thanks to all donators!<\/h2>\t\t<\/div>\n\t\t\t\t<\/div>\n\t\t\t\t\t\t<\/div>\n\t\t\t\t\t<\/div>\n\t\t<\/div>\n\t\t\t\t\t\t\t\t<\/div>\n\t\t\t\t\t<\/div>\n\t\t<\/section>\n\t\t\t\t<section class=\"elementor-section elementor-top-section elementor-element elementor-element-f362b79 elementor-section-boxed elementor-section-height-default elementor-section-height-default\" data-id=\"f362b79\" data-element_type=\"section\">\n\t\t\t\t\t\t<div class=\"elementor-container elementor-column-gap-default\">\n\t\t\t\t\t\t\t<div class=\"elementor-row\">\n\t\t\t\t\t<div class=\"elementor-column elementor-col-100 elementor-top-column elementor-element elementor-element-c56df41\" data-id=\"c56df41\" data-element_type=\"column\">\n\t\t\t<div class=\"elementor-column-wrap elementor-element-populated\">\n\t\t\t\t\t\t\t<div class=\"elementor-widget-wrap\">\n\t\t\t\t\t\t<div class=\"elementor-element elementor-element-4c6a7cc elementor-widget elementor-widget-heading\" data-id=\"4c6a7cc\" data-element_type=\"widget\" data-widget_type=\"heading.default\">\n\t\t\t\t<div class=\"elementor-widget-container\">\n\t\t\t<h3 class=\"elementor-heading-title elementor-size-default\">T<\/h3>\t\t<\/div>\n\t\t\t\t<\/div>\n\t\t\t\t\t\t<\/div>\n\t\t\t\t\t<\/div>\n\t\t<\/div>\n\t\t\t\t\t\t\t\t<\/div>\n\t\t\t\t\t<\/div>\n\t\t<\/section>\n\t\t\t\t<section class=\"elementor-section elementor-top-section elementor-element elementor-element-99810d5 elementor-section-boxed elementor-section-height-default elementor-section-height-default\" data-id=\"99810d5\" data-element_type=\"section\">\n\t\t\t\t\t\t<div class=\"elementor-container elementor-column-gap-default\">\n\t\t\t\t\t\t\t<div class=\"elementor-row\">\n\t\t\t\t\t<div class=\"elementor-column elementor-col-100 elementor-top-column elementor-element elementor-element-557ebe1\" data-id=\"557ebe1\" data-element_type=\"column\">\n\t\t\t<div class=\"elementor-column-wrap elementor-element-populated\">\n\t\t\t\t\t\t\t<div class=\"elementor-widget-wrap\">\n\t\t\t\t\t\t<div class=\"elementor-element elementor-element-1944b7a elementor-widget elementor-widget-text-editor\" data-id=\"1944b7a\" data-element_type=\"widget\" data-widget_type=\"text-editor.default\">\n\t\t\t\t<div class=\"elementor-widget-container\">\n\t\t\t\t\t<div class=\"elementor-text-editor elementor-clearfix\"><p>2018:<br \/>Reet ja Liis Lulla, Tiiu Aro, Enn Eesmaa, Karl Jaago, Hanno Kirschfeldt, \u00dclle Kruus, Enn Meri, Andres Pitk, Kati Raudla, Andla R\u00fc\u00fctel, Kreet Stubender-L\u00f5ugas, Anne Untera, Villu \u00d5un.<br \/>2017:<br \/>Reet ja Liis Lulla, Kreet-Stubender-L\u00f5ugas, Andla R\u00fc\u00fctel, \u00dclle Kruus, Andres Pitk, Karl Jaago, Viljar Saarkoppel, Anne Polli , Marje Aavik, Villu \u00d5un ja Triin Ella.<br \/>2016:<br \/>Reet ja Liis Lulla, Triin ja Andrus Alas.<br \/>2015:<br \/>Reet ja Liis Lulla, Andres Pitk, Gert Saarse, Andla R\u00fc\u00fctel, Reigo Reppo, Kreet Studenberg-L\u00f5ugas, Lauri Tamm.<br \/>2014:<br \/>Reet ja Liis Lulla, Andla R\u00fc\u00fctel, Toomas Rihvk, Andres Pitk, Gert Saarse, Reigo Reppo, Heiki Urbala, Lauri Tamm, Piret Tarto, Enn Tarto, Kreet Studenberg-L\u00f5ugas, parun G\u00fcnther von Maydell, \u00dclle Kruus, Mihkel Trull, Kairi Trull.<br \/>2013:<br \/>Reet ja Liis Lulla, Andla R\u00fc\u00fctel, Aldur J\u00e4rvalt, parun dr. Nicolas von Behr, printsess Felicitas zu Wied, Anne Polli, Marge Toome, Linda Lamothe, Gerry Lamothe, Hannes Lamothe, V\u00e4ino Ratassepa pere, Tuuli Rasso, Senta Erdmann, Henno Erdmann, Anu Saar, Epp Klooster, Katrin Polli, Evi Klooster, Reena Raudne-Klooster, Jaanus Hellat, Kaja Viilukas, Kristi Abram, Toomas Vaik, Andres Pitk.<br \/>2012:<br \/>Reet ja Liis Lulla, Vello Salo, Helju Piipuu, Enn Meri, Merle Mandre, Ago Soots, Ken Kalling, Epp Alatalu, Andla R\u00fc\u00fctel.<\/p><\/div>\n\t\t\t\t<\/div>\n\t\t\t\t<\/div>\n\t\t\t\t\t\t<\/div>\n\t\t\t\t\t<\/div>\n\t\t<\/div>\n\t\t\t\t\t\t\t\t<\/div>\n\t\t\t\t\t<\/div>\n\t\t<\/section>\n\t\t\t\t\t\t<\/div>\n\t\t\t\t\t\t<\/div>\n\t\t\t\t\t<\/div>\n\t\t","protected":false},"excerpt":{"rendered":"<p>Donations Donations&nbsp;form Donations form the main financial source for financing the activity of the foundation. In order to receive money from most other funds, the obligatory condition is self-financing. Donations can be transferred to the bank account of the congregation and the bank account of the foundation.EELK P\u00f6ide Maarja Kogudus&nbsp;(congregation)Swedbank&nbsp; EE292200001120136950.Swedbank&nbsp;special account&nbsp;(donations and projects)Swedbank&nbsp;EE232200221039772450P\u00f6ide Maarja&hellip;<\/p>\n","protected":false},"author":1,"featured_media":0,"parent":0,"menu_order":0,"comment_status":"closed","ping_status":"closed","template":"","meta":{"footnotes":""},"class_list":["post-668","page","type-page","status-publish","hentry","post"],"_links":{"self":[{"href":"https:\/\/kaart.nurrunurk.ee\/index.php?rest_route=\/wp\/v2\/pages\/668","targetHints":{"allow":["GET"]}}],"collection":[{"href":"https:\/\/kaart.nurrunurk.ee\/index.php?rest_route=\/wp\/v2\/pages"}],"about":[{"href":"https:\/\/kaart.nurrunurk.ee\/index.php?rest_route=\/wp\/v2\/types\/page"}],"author":[{"embeddable":true,"href":"https:\/\/kaart.nurrunurk.ee\/index.php?rest_route=\/wp\/v2\/users\/1"}],"replies":[{"embeddable":true,"href":"https:\/\/kaart.nurrunurk.ee\/index.php?rest_route=%2Fwp%2Fv2%2Fcomments&post=668"}],"version-history":[{"count":7,"href":"https:\/\/kaart.nurrunurk.ee\/index.php?rest_route=\/wp\/v2\/pages\/668\/revisions"}],"predecessor-version":[{"id":766,"href":"https:\/\/kaart.nurrunurk.ee\/index.php?rest_route=\/wp\/v2\/pages\/668\/revisions\/766"}],"wp:attachment":[{"href":"https:\/\/kaart.nurrunurk.ee\/index.php?rest_route=%2Fwp%2Fv2%2Fmedia&parent=668"}],"curies":[{"name":"wp","href":"https:\/\/api.w.org\/{rel}","templated":true}]}}