{"id":686,"date":"2020-10-02T10:09:50","date_gmt":"2020-10-02T10:09:50","guid":{"rendered":"https:\/\/kaart.nurrunurk.ee\/?page_id=686"},"modified":"2020-10-03T20:25:54","modified_gmt":"2020-10-03T20:25:54","slug":"news","status":"publish","type":"page","link":"https:\/\/kaart.nurrunurk.ee\/?page_id=686","title":{"rendered":"Events"},"content":{"rendered":"\t\t<div data-elementor-type=\"wp-page\" data-elementor-id=\"686\" class=\"elementor elementor-686\" data-elementor-settings=\"[]\">\n\t\t\t\t\t\t<div class=\"elementor-inner\">\n\t\t\t\t\t\t\t<div class=\"elementor-section-wrap\">\n\t\t\t\t\t\t\t<section class=\"elementor-section elementor-top-section elementor-element elementor-element-f937beb elementor-section-boxed elementor-section-height-default elementor-section-height-default\" data-id=\"f937beb\" data-element_type=\"section\">\n\t\t\t\t\t\t<div class=\"elementor-container elementor-column-gap-default\">\n\t\t\t\t\t\t\t<div class=\"elementor-row\">\n\t\t\t\t\t<div class=\"elementor-column elementor-col-100 elementor-top-column elementor-element elementor-element-cbafbfb\" data-id=\"cbafbfb\" data-element_type=\"column\">\n\t\t\t<div class=\"elementor-column-wrap elementor-element-populated\">\n\t\t\t\t\t\t\t<div class=\"elementor-widget-wrap\">\n\t\t\t\t\t\t<div class=\"elementor-element elementor-element-2997b23 elementor-widget elementor-widget-image\" data-id=\"2997b23\" data-element_type=\"widget\" data-widget_type=\"image.default\">\n\t\t\t\t<div class=\"elementor-widget-container\">\n\t\t\t\t\t<div class=\"elementor-image\">\n\t\t\t\t\t\t\t\t\t\t<img loading=\"lazy\" decoding=\"async\" width=\"300\" height=\"160\" src=\"https:\/\/kaart.nurrunurk.ee\/wp-content\/uploads\/2020\/10\/05mai-016-scaled-e1601576467159-300x160.jpg\" class=\"attachment-medium size-medium\" alt=\"\" srcset=\"https:\/\/kaart.nurrunurk.ee\/wp-content\/uploads\/2020\/10\/05mai-016-scaled-e1601576467159-300x160.jpg 300w, https:\/\/kaart.nurrunurk.ee\/wp-content\/uploads\/2020\/10\/05mai-016-scaled-e1601576467159-1024x546.jpg 1024w, https:\/\/kaart.nurrunurk.ee\/wp-content\/uploads\/2020\/10\/05mai-016-scaled-e1601576467159-768x410.jpg 768w, https:\/\/kaart.nurrunurk.ee\/wp-content\/uploads\/2020\/10\/05mai-016-scaled-e1601576467159-1536x819.jpg 1536w, https:\/\/kaart.nurrunurk.ee\/wp-content\/uploads\/2020\/10\/05mai-016-scaled-e1601576467159-24x13.jpg 24w, https:\/\/kaart.nurrunurk.ee\/wp-content\/uploads\/2020\/10\/05mai-016-scaled-e1601576467159-36x19.jpg 36w, https:\/\/kaart.nurrunurk.ee\/wp-content\/uploads\/2020\/10\/05mai-016-scaled-e1601576467159-48x26.jpg 48w, https:\/\/kaart.nurrunurk.ee\/wp-content\/uploads\/2020\/10\/05mai-016-scaled-e1601576467159.jpg 1920w\" sizes=\"auto, (max-width: 300px) 100vw, 300px\" \/>\t\t\t\t\t\t\t\t\t\t\t<\/div>\n\t\t\t\t<\/div>\n\t\t\t\t<\/div>\n\t\t\t\t<div class=\"elementor-element elementor-element-0716946 elementor-widget elementor-widget-heading\" data-id=\"0716946\" data-element_type=\"widget\" data-widget_type=\"heading.default\">\n\t\t\t\t<div class=\"elementor-widget-container\">\n\t\t\t<h2 class=\"elementor-heading-title elementor-size-default\">Events<\/h2>\t\t<\/div>\n\t\t\t\t<\/div>\n\t\t\t\t\t\t<\/div>\n\t\t\t\t\t<\/div>\n\t\t<\/div>\n\t\t\t\t\t\t\t\t<\/div>\n\t\t\t\t\t<\/div>\n\t\t<\/section>\n\t\t\t\t<section class=\"elementor-section elementor-top-section elementor-element elementor-element-d1f66d9 elementor-section-boxed elementor-section-height-default elementor-section-height-default\" data-id=\"d1f66d9\" data-element_type=\"section\">\n\t\t\t\t\t\t<div class=\"elementor-container elementor-column-gap-default\">\n\t\t\t\t\t\t\t<div class=\"elementor-row\">\n\t\t\t\t\t<div class=\"elementor-column elementor-col-33 elementor-top-column elementor-element elementor-element-7f1dea0\" data-id=\"7f1dea0\" data-element_type=\"column\">\n\t\t\t<div class=\"elementor-column-wrap\">\n\t\t\t\t\t\t\t<div class=\"elementor-widget-wrap\">\n\t\t\t\t\t\t\t\t<\/div>\n\t\t\t\t\t<\/div>\n\t\t<\/div>\n\t\t\t\t<div class=\"elementor-column elementor-col-33 elementor-top-column elementor-element elementor-element-768889c\" data-id=\"768889c\" data-element_type=\"column\">\n\t\t\t<div class=\"elementor-column-wrap elementor-element-populated\">\n\t\t\t\t\t\t\t<div class=\"elementor-widget-wrap\">\n\t\t\t\t\t\t<div class=\"elementor-element elementor-element-5ead058 elementor-widget elementor-widget-text-editor\" data-id=\"5ead058\" data-element_type=\"widget\" data-widget_type=\"text-editor.default\">\n\t\t\t\t<div class=\"elementor-widget-container\">\n\t\t\t\t\t<div class=\"elementor-text-editor elementor-clearfix\"><div class=\"tlid-input input\"><div class=\"source-wrap\"><div class=\"input-full-height-wrapper tlid-input-full-height-wrapper\"><div class=\"source-input\"><div class=\"source-footer-wrap source-or-target-footer\"><div class=\"character-count tlid-character-count\">We also use Facebook.<\/div><\/div><\/div><\/div><\/div><\/div><div class=\"tlid-results-container results-container\"><div class=\"tlid-result result-dict-wrapper\"><div class=\"result tlid-copy-target\"><div class=\"text-wrap tlid-copy-target\"><div class=\"result-shield-container tlid-copy-target\" tabindex=\"0\"><span class=\"tlid-translation translation\" lang=\"en\"><span title=\"\">There you will find a lot of information about upcoming and past events.<\/span><br \/><span class=\"\" title=\"\">The link can be found in the &#8220;to Facebook&#8221; menu.<\/span> <span class=\"\" title=\"\">Below is a brief overview of previous years.<\/span><\/span><\/div><\/div><\/div><\/div><\/div><\/div>\n\t\t\t\t<\/div>\n\t\t\t\t<\/div>\n\t\t\t\t\t\t<\/div>\n\t\t\t\t\t<\/div>\n\t\t<\/div>\n\t\t\t\t<div class=\"elementor-column elementor-col-33 elementor-top-column elementor-element elementor-element-ee3f288\" data-id=\"ee3f288\" data-element_type=\"column\">\n\t\t\t<div class=\"elementor-column-wrap\">\n\t\t\t\t\t\t\t<div class=\"elementor-widget-wrap\">\n\t\t\t\t\t\t\t\t<\/div>\n\t\t\t\t\t<\/div>\n\t\t<\/div>\n\t\t\t\t\t\t\t\t<\/div>\n\t\t\t\t\t<\/div>\n\t\t<\/section>\n\t\t\t\t<section class=\"elementor-section elementor-top-section elementor-element elementor-element-f67b826 elementor-section-boxed elementor-section-height-default elementor-section-height-default\" data-id=\"f67b826\" data-element_type=\"section\">\n\t\t\t\t\t\t<div class=\"elementor-container elementor-column-gap-default\">\n\t\t\t\t\t\t\t<div class=\"elementor-row\">\n\t\t\t\t\t<div class=\"elementor-column elementor-col-100 elementor-top-column elementor-element elementor-element-02b8ad1\" data-id=\"02b8ad1\" data-element_type=\"column\">\n\t\t\t<div class=\"elementor-column-wrap elementor-element-populated\">\n\t\t\t\t\t\t\t<div class=\"elementor-widget-wrap\">\n\t\t\t\t\t\t<div class=\"elementor-element elementor-element-efd6863 elementor-widget elementor-widget-text-editor\" data-id=\"efd6863\" data-element_type=\"widget\" data-widget_type=\"text-editor.default\">\n\t\t\t\t<div class=\"elementor-widget-container\">\n\t\t\t\t\t<div class=\"elementor-text-editor elementor-clearfix\"><p>2018<br \/>Liis Lulla has been arranging charity concerts in P\u00f6ide Church already since 2007 after she started her flute studies abroad. Each summer the program includes different masterpieces of classical music. This summer (2018) we can expect concert No. 11 and the program will be very classical, including music by Bach and Telemann.<\/p><p>On July 4, 2015 <br \/>curly birches donated by Curly Birch Union to St. Mary\u2019s Church of P\u00f6ide were planted around the church. Participants included President Arnold R\u00fc\u00fctel, the Chairman of the Curly Birch Union \u2013 scientist Ivar Sibul, and engineering archaeologist Villu Kadakas. The event was concluded by a short concert given by singer Triin Ella.<\/p><p>In June 2015 <br \/>the restoration work of the southern portal and filling of openings begins.<br \/>45 000 EUR from state budget are assigned for the work, in addition, 15 000 EUR are donated by Saaremaa Knighthood to P\u00f6ide congregation for the restoration of the three windows below the tower. The total cost of the work is over 100 000 EUR.<\/p><p>2012 <br \/>The renovation of the roof of P\u00f6ide Church begins. Workers assembled a lot of frames (or simply rafters), which are lifted to the right place by a crane.<\/p><\/div>\n\t\t\t\t<\/div>\n\t\t\t\t<\/div>\n\t\t\t\t\t\t<\/div>\n\t\t\t\t\t<\/div>\n\t\t<\/div>\n\t\t\t\t\t\t\t\t<\/div>\n\t\t\t\t\t<\/div>\n\t\t<\/section>\n\t\t\t\t\t\t<\/div>\n\t\t\t\t\t\t<\/div>\n\t\t\t\t\t<\/div>\n\t\t","protected":false},"excerpt":{"rendered":"<p>Events We also use Facebook.There you will find a lot of information about upcoming and past events.The link can be found in the &#8220;to Facebook&#8221; menu. Below is a brief overview of previous years. 2018Liis Lulla has been arranging charity concerts in P\u00f6ide Church already since 2007 after she started her flute studies abroad. Each&hellip;<\/p>\n","protected":false},"author":1,"featured_media":0,"parent":0,"menu_order":0,"comment_status":"closed","ping_status":"closed","template":"","meta":{"footnotes":""},"class_list":["post-686","page","type-page","status-publish","hentry","post"],"_links":{"self":[{"href":"https:\/\/kaart.nurrunurk.ee\/index.php?rest_route=\/wp\/v2\/pages\/686","targetHints":{"allow":["GET"]}}],"collection":[{"href":"https:\/\/kaart.nurrunurk.ee\/index.php?rest_route=\/wp\/v2\/pages"}],"about":[{"href":"https:\/\/kaart.nurrunurk.ee\/index.php?rest_route=\/wp\/v2\/types\/page"}],"author":[{"embeddable":true,"href":"https:\/\/kaart.nurrunurk.ee\/index.php?rest_route=\/wp\/v2\/users\/1"}],"replies":[{"embeddable":true,"href":"https:\/\/kaart.nurrunurk.ee\/index.php?rest_route=%2Fwp%2Fv2%2Fcomments&post=686"}],"version-history":[{"count":8,"href":"https:\/\/kaart.nurrunurk.ee\/index.php?rest_route=\/wp\/v2\/pages\/686\/revisions"}],"predecessor-version":[{"id":843,"href":"https:\/\/kaart.nurrunurk.ee\/index.php?rest_route=\/wp\/v2\/pages\/686\/revisions\/843"}],"wp:attachment":[{"href":"https:\/\/kaart.nurrunurk.ee\/index.php?rest_route=%2Fwp%2Fv2%2Fmedia&parent=686"}],"curies":[{"name":"wp","href":"https:\/\/api.w.org\/{rel}","templated":true}]}}